{"id":12652,"date":"2024-08-19T15:32:48","date_gmt":"2024-08-19T13:32:48","guid":{"rendered":"https:\/\/triga.semtix.eu\/cookies\/"},"modified":"2025-10-30T11:25:32","modified_gmt":"2025-10-30T10:25:32","slug":"cookies","status":"publish","type":"page","link":"https:\/\/triga26.semtix.eu\/de\/cookies\/","title":{"rendered":"Cookies"},"content":{"rendered":"<p><strong>Cookie-Erkl\u00e4rung und Widerspruchsm\u00f6glichkeit<\/strong><\/p>\n<p>Wenn Sie mehr dar\u00fcber erfahren m\u00f6chten, wie wir Ihre personenbezogenen Daten verarbeiten, lesen Sie bitte unsere <strong><a href=\"\/wp-content\/uploads\/2025\/08\/triga_prohlaseni_gdpr.pdf\">Datenschutzrichtlinie<\/a><\/strong>.<\/p>\n<p><strong>Was sind Cookies?<\/strong><\/p>\n<p>Cookies sind kleine Datendateien, die es Websites erm\u00f6glichen, Ihre Aktionen und Einstellungen zu speichern. Bei jedem Besuch der Website sendet Ihr Browser die in der Datei gespeicherten Daten an den Server zur\u00fcck. Diese kleine Datei wird als \u201eCookie\u201c bezeichnet und ist eine kurze Textdatei, die eine bestimmte Zeichenfolge mit eindeutigen Informationen enth\u00e4lt. Wir verwenden Cookies, um die Qualit\u00e4t unserer Dienste zu gew\u00e4hrleisten und besser zu verstehen, wie Besucher unsere Website nutzen. Deshalb speichern wir Nutzereinstellungen in Cookies und verwenden diese, um Nutzungstrends und das Verhalten der Besucher auf unserer Website zu analysieren. Cookies sind ungef\u00e4hrlich, aber wichtig f\u00fcr den Datenschutz. Cookies k\u00f6nnen nicht dazu verwendet werden, Website-Besucher zu identifizieren oder Anmeldedaten zu missbrauchen.<\/p>\n<p><strong>Welche Cookies verwenden wir?<\/strong><\/p>\n<p>Unsere Website verwendet ausschlie\u00dflich Erstanbieter-Cookies (Cookies, die nur von unserer Website verwendet werden) und Drittanbieter-Cookies (Cookies von Drittanbieter-Websites). Wir verwenden Erstanbieter-Cookies, um Nutzereinstellungen und Daten zu speichern, die w\u00e4hrend Ihres Besuchs auf der Website ben\u00f6tigt werden, z. B. f\u00fcr die Erfassung anonymer Statistiken, die Teilnahme an Umfragen, den Wechsel von Mobilger\u00e4ten zur PC-Version der Website und die Anmeldung als registrierter Nutzer. Wir verwenden Drittanbieter-Cookies, um Nutzertrends und Verhaltensmuster zu analysieren und Werbung mithilfe von Webstatistik-Anbietern gezielt auszuspielen. Drittanbieter-Cookies zur Analyse von Trends und Verhaltensmustern werden ausschlie\u00dflich von unserer Website und dem Webstatistik-Anbieter verwendet und nicht an Dritte weitergegeben.<\/p>\n<p><strong>Einwilligung zur Speicherung von Cookies<\/strong><\/p>\n<p>Die meisten Browser akzeptieren Cookies automatisch, sofern in Ihren Browsereinstellungen keine andere Option besteht. Durch die Nutzung dieser Website stimmen Sie der Speicherung von Cookies zu.<\/p>\n<p><strong>Was tun, wenn Sie der Verwendung von Cookies nicht zustimmen?<\/strong><\/p>\n<p>Sie k\u00f6nnen die Verwendung von Cookies in den Einstellungen Ihres Webbrowsers einschr\u00e4nken oder blockieren. Informationen zur Konfiguration eines bestimmten Browsers finden Sie unter den folgenden Adressen:<\/p>\n<ul>\n<li>Internet Explorer:\u00a0<a href=\"http:\/\/windows.microsoft.com\/\" target=\"_blank\" rel=\"noopener\">windows.microsoft.com<\/a><\/li>\n<li>Google Chrome:\u00a0<a href=\"http:\/\/support.google.com\/\" target=\"_blank\" rel=\"noopener\">support.google.com<\/a><\/li>\n<li>Mozilla Firefox:\u00a0<a href=\"http:\/\/support.mozilla.org\/\" target=\"_blank\" rel=\"noopener\">support.mozilla.org<\/a><\/li>\n<li>Opera:\u00a0<a href=\"http:\/\/help.opera.com\/\" target=\"_blank\" rel=\"noopener\">help.opera.com<\/a><\/li>\n<\/ul>\n","protected":false},"excerpt":{"rendered":"<p>Cookie-Erkl\u00e4rung und Widerspruchsm\u00f6glichkeit Wenn Sie mehr dar\u00fcber erfahren m\u00f6chten, wie wir Ihre personenbezogenen Daten verarbeiten, lesen Sie bitte unsere Datenschutzrichtlinie. Was sind Cookies? Cookies sind kleine&#8230;<\/p>\n","protected":false},"author":2,"featured_media":-1,"parent":0,"menu_order":0,"comment_status":"closed","ping_status":"closed","template":"","meta":{"_acf_changed":false,"footnotes":""},"class_list":["post-12652","page","type-page","status-publish","has-post-thumbnail","hentry"],"acf":[],"_links":{"self":[{"href":"https:\/\/triga26.semtix.eu\/de\/wp-json\/wp\/v2\/pages\/12652","targetHints":{"allow":["GET"]}}],"collection":[{"href":"https:\/\/triga26.semtix.eu\/de\/wp-json\/wp\/v2\/pages"}],"about":[{"href":"https:\/\/triga26.semtix.eu\/de\/wp-json\/wp\/v2\/types\/page"}],"author":[{"embeddable":true,"href":"https:\/\/triga26.semtix.eu\/de\/wp-json\/wp\/v2\/users\/2"}],"replies":[{"embeddable":true,"href":"https:\/\/triga26.semtix.eu\/de\/wp-json\/wp\/v2\/comments?post=12652"}],"version-history":[{"count":1,"href":"https:\/\/triga26.semtix.eu\/de\/wp-json\/wp\/v2\/pages\/12652\/revisions"}],"predecessor-version":[{"id":12653,"href":"https:\/\/triga26.semtix.eu\/de\/wp-json\/wp\/v2\/pages\/12652\/revisions\/12653"}],"wp:featuredmedia":[{"embeddable":true,"href":"https:\/\/triga26.semtix.eu\/de\/wp-json\/"}],"wp:attachment":[{"href":"https:\/\/triga26.semtix.eu\/de\/wp-json\/wp\/v2\/media?parent=12652"}],"curies":[{"name":"wp","href":"https:\/\/api.w.org\/{rel}","templated":true}]}}