{"id":6258,"date":"2024-09-20T10:33:33","date_gmt":"2024-09-20T08:33:33","guid":{"rendered":"https:\/\/triga.semtix.eu\/warenkorb\/"},"modified":"2025-07-10T12:18:22","modified_gmt":"2025-07-10T10:18:22","slug":"warenkorb","status":"publish","type":"page","link":"https:\/\/triga26.semtix.eu\/de\/warenkorb\/","title":{"rendered":"Warenkorb"},"content":{"rendered":"\n<div data-block-name=\"woocommerce\/cart\" class=\"wp-block-woocommerce-cart alignwide is-loading\">\n<div data-block-name=\"woocommerce\/filled-cart-block\" class=\"wp-block-woocommerce-filled-cart-block\">\n<div data-block-name=\"woocommerce\/cart-items-block\" class=\"wp-block-woocommerce-cart-items-block\">\n<div data-block-name=\"woocommerce\/cart-line-items-block\" class=\"wp-block-woocommerce-cart-line-items-block\"><\/div>\n\n\n\n<div data-block-name=\"woocommerce\/cart-cross-sells-block\" class=\"wp-block-woocommerce-cart-cross-sells-block\">\n<h2 class=\"wp-block-heading has-large-font-size\">Das interessiert dich vielleicht\u00a0\u2026<\/h2>\n\n\n\n<div data-block-name=\"woocommerce\/cart-cross-sells-products-block\" class=\"wp-block-woocommerce-cart-cross-sells-products-block\"><\/div>\n<\/div>\n<\/div>\n\n\n\n<div data-block-name=\"woocommerce\/cart-totals-block\" class=\"wp-block-woocommerce-cart-totals-block\">\n<div data-block-name=\"woocommerce\/cart-order-summary-block\" class=\"wp-block-woocommerce-cart-order-summary-block\">\n<div data-block-name=\"woocommerce\/cart-order-summary-heading-block\" class=\"wp-block-woocommerce-cart-order-summary-heading-block\"><\/div><div data-block-name=\"woocommerce\/cart-order-summary-coupon-form-block\" class=\"wp-block-woocommerce-cart-order-summary-coupon-form-block\"><\/div><div data-block-name=\"woocommerce\/cart-order-summary-totals-block\" class=\"wp-block-woocommerce-cart-order-summary-totals-block\">\n<div data-block-name=\"woocommerce\/cart-order-summary-subtotal-block\" class=\"wp-block-woocommerce-cart-order-summary-subtotal-block\"><\/div>\n<div data-block-name=\"woocommerce\/cart-order-summary-discount-block\" class=\"wp-block-woocommerce-cart-order-summary-discount-block\"><\/div>\n<div data-block-name=\"woocommerce\/cart-order-summary-fee-block\" class=\"wp-block-woocommerce-cart-order-summary-fee-block\"><\/div>\n<div data-block-name=\"woocommerce\/cart-order-summary-shipping-block\" class=\"wp-block-woocommerce-cart-order-summary-shipping-block\"><\/div>\n<div data-block-name=\"woocommerce\/cart-order-summary-taxes-block\" class=\"wp-block-woocommerce-cart-order-summary-taxes-block\"><\/div><\/div>\n<\/div>\n\n\n\n<div data-block-name=\"woocommerce\/cart-express-payment-block\" class=\"wp-block-woocommerce-cart-express-payment-block\"><\/div>\n\n\n\n<div data-block-name=\"woocommerce\/proceed-to-checkout-block\" class=\"wp-block-woocommerce-proceed-to-checkout-block\"><\/div>\n\n\n\n<div data-block-name=\"woocommerce\/cart-accepted-payment-methods-block\" class=\"wp-block-woocommerce-cart-accepted-payment-methods-block\"><\/div>\n<\/div>\n<\/div>\n\n\n\n<div data-block-name=\"woocommerce\/empty-cart-block\" class=\"wp-block-woocommerce-empty-cart-block\">\n<h2 class=\"wp-block-heading has-text-align-center with-empty-cart-icon wc-block-cart__empty-cart__title\">Dein Warenkorb ist gerade leer!<\/h2>\n\n\n\n<hr class=\"wp-block-separator has-alpha-channel-opacity is-style-dots\"\/>\n\n\n\n<h2 class=\"wp-block-heading has-text-align-center\">Neu im Shop<\/h2>\n\n\n<div data-block-name=\"woocommerce\/product-new\" data-columns=\"4\" data-rows=\"1\" class=\"wc-block-grid wp-block-product-new wp-block-woocommerce-product-new wc-block-product-new has-4-columns\"><ul class=\"wc-block-grid__products\"><li class=\"wc-block-grid__product\"><span class=\"gtm4wp_productdata\" style=\"display:none; visibility:hidden;\" data-gtm4wp_product_data=\"{&quot;internal_id&quot;:13415,&quot;item_id&quot;:13415,&quot;item_name&quot;:&quot;Z\\u00e1v\\u011bsn\\u00fd h\\u00e1k&quot;,&quot;sku&quot;:&quot;11+C201 OS+Nosnost 1.0 t \\\/ pr\\u016fm\\u011br lana 21 mm&quot;,&quot;price&quot;:0,&quot;stocklevel&quot;:null,&quot;stockstatus&quot;:&quot;instock&quot;,&quot;google_business_vertical&quot;:&quot;retail&quot;,&quot;item_category&quot;:&quot;Rypadla velk\\u00e1&quot;,&quot;id&quot;:13415,&quot;item_brand&quot;:&quot;&quot;,&quot;productlink&quot;:&quot;https:\\\/\\\/triga26.semtix.eu\\\/de\\\/produkt\\\/zavesny-hak-3\\\/&quot;,&quot;item_list_name&quot;:&quot;General Product List&quot;,&quot;index&quot;:0,&quot;product_type&quot;:&quot;variable&quot;}\"><\/span>\n\t\t\t\t<a href=\"https:\/\/triga26.semtix.eu\/de\/produkt\/zavesny-hak-3\/\" class=\"wc-block-grid__product-link\">\n\t\t\t\t\t\n\t\t\t\t\t<div class=\"wc-block-grid__product-image\"><img loading=\"lazy\" decoding=\"async\" width=\"800\" height=\"800\" src=\"https:\/\/triga26.semtix.eu\/wp-content\/uploads\/woocommerce-placeholder-800x800.png\" class=\"woocommerce-placeholder wp-post-image\" alt=\"\" srcset=\"https:\/\/triga26.semtix.eu\/wp-content\/uploads\/woocommerce-placeholder-800x800.png 800w, https:\/\/triga26.semtix.eu\/wp-content\/uploads\/woocommerce-placeholder-150x150.png 150w, https:\/\/triga26.semtix.eu\/wp-content\/uploads\/woocommerce-placeholder-300x300.png 300w\" sizes=\"auto, (max-width:767px) 767px, (max-width:800px) 100vw, 800px\" \/><\/div>\n\t\t\t\t\t<div class=\"wc-block-grid__product-title\">Z\u00e1v\u011bsn\u00fd h\u00e1k<\/div>\n\t\t\t\t<\/a>\n\t\t\t\t<div class=\"wc-block-grid__product-price price\"><span class=\"woocommerce-Price-amount amount\">0,00&nbsp;<span class=\"woocommerce-Price-currencySymbol\">&#075;&#269;<\/span><\/span><\/div>\n\t\t\t\t\n\t\t\t\t<div class=\"wp-block-button wc-block-grid__product-add-to-cart\"><a href=\"https:\/\/triga26.semtix.eu\/de\/produkt\/zavesny-hak-3\/\" aria-label=\"W\u00e4hle Optionen f\u00fcr \u201eZ\u00e1v\u011bsn\u00fd h\u00e1k\u201c\" data-quantity=\"1\" data-product_id=\"13415\" data-product_sku=\"11+C201 OS+Nosnost 1.0 t \/ pr\u016fm\u011br lana 21 mm\" data-price=\"0\" rel=\"nofollow\" class=\"wp-block-button__link  add_to_cart_button\">Ausf\u00fchrung w\u00e4hlen<\/a><\/div>\n\t\t\t<\/li><li class=\"wc-block-grid__product\"><span class=\"gtm4wp_productdata\" style=\"display:none; visibility:hidden;\" data-gtm4wp_product_data=\"{&quot;internal_id&quot;:13405,&quot;item_id&quot;:13405,&quot;item_name&quot;:&quot;Z\\u00e1v\\u011bsn\\u00fd h\\u00e1k&quot;,&quot;sku&quot;:&quot;7+C201 OS+Nosnost 1.0 t \\\/ pr\\u016fm\\u011br lana 21 mm&quot;,&quot;price&quot;:0,&quot;stocklevel&quot;:null,&quot;stockstatus&quot;:&quot;instock&quot;,&quot;google_business_vertical&quot;:&quot;retail&quot;,&quot;item_category&quot;:&quot;Rypadla st\\u0159edn\\u00ed&quot;,&quot;id&quot;:13405,&quot;item_brand&quot;:&quot;&quot;,&quot;productlink&quot;:&quot;https:\\\/\\\/triga26.semtix.eu\\\/de\\\/produkt\\\/zavesny-hak-2\\\/&quot;,&quot;item_list_name&quot;:&quot;General Product List&quot;,&quot;index&quot;:0,&quot;product_type&quot;:&quot;variable&quot;}\"><\/span>\n\t\t\t\t<a href=\"https:\/\/triga26.semtix.eu\/de\/produkt\/zavesny-hak-2\/\" class=\"wc-block-grid__product-link\">\n\t\t\t\t\t\n\t\t\t\t\t<div class=\"wc-block-grid__product-image\"><img loading=\"lazy\" decoding=\"async\" width=\"800\" height=\"800\" src=\"https:\/\/triga26.semtix.eu\/wp-content\/uploads\/woocommerce-placeholder-800x800.png\" class=\"woocommerce-placeholder wp-post-image\" alt=\"\" srcset=\"https:\/\/triga26.semtix.eu\/wp-content\/uploads\/woocommerce-placeholder-800x800.png 800w, https:\/\/triga26.semtix.eu\/wp-content\/uploads\/woocommerce-placeholder-150x150.png 150w, https:\/\/triga26.semtix.eu\/wp-content\/uploads\/woocommerce-placeholder-300x300.png 300w\" sizes=\"auto, (max-width:767px) 767px, (max-width:800px) 100vw, 800px\" \/><\/div>\n\t\t\t\t\t<div class=\"wc-block-grid__product-title\">Z\u00e1v\u011bsn\u00fd h\u00e1k<\/div>\n\t\t\t\t<\/a>\n\t\t\t\t<div class=\"wc-block-grid__product-price price\"><span class=\"woocommerce-Price-amount amount\">0,00&nbsp;<span class=\"woocommerce-Price-currencySymbol\">&#075;&#269;<\/span><\/span><\/div>\n\t\t\t\t\n\t\t\t\t<div class=\"wp-block-button wc-block-grid__product-add-to-cart\"><a href=\"https:\/\/triga26.semtix.eu\/de\/produkt\/zavesny-hak-2\/\" aria-label=\"W\u00e4hle Optionen f\u00fcr \u201eZ\u00e1v\u011bsn\u00fd h\u00e1k\u201c\" data-quantity=\"1\" data-product_id=\"13405\" data-product_sku=\"7+C201 OS+Nosnost 1.0 t \/ pr\u016fm\u011br lana 21 mm\" data-price=\"0\" rel=\"nofollow\" class=\"wp-block-button__link  add_to_cart_button\">Ausf\u00fchrung w\u00e4hlen<\/a><\/div>\n\t\t\t<\/li><li class=\"wc-block-grid__product\"><span class=\"gtm4wp_productdata\" style=\"display:none; visibility:hidden;\" data-gtm4wp_product_data=\"{&quot;internal_id&quot;:13395,&quot;item_id&quot;:13395,&quot;item_name&quot;:&quot;Z\\u00e1v\\u011bsn\\u00fd h\\u00e1k&quot;,&quot;sku&quot;:&quot;2+C201 OS+Nosnost 1.0 t \\\/ pr\\u016fm\\u011br lana 21 mm&quot;,&quot;price&quot;:0,&quot;stocklevel&quot;:null,&quot;stockstatus&quot;:&quot;instock&quot;,&quot;google_business_vertical&quot;:&quot;retail&quot;,&quot;item_category&quot;:&quot;Rypadla mal\\u00e1&quot;,&quot;id&quot;:13395,&quot;item_brand&quot;:&quot;&quot;,&quot;productlink&quot;:&quot;https:\\\/\\\/triga26.semtix.eu\\\/de\\\/produkt\\\/zavesny-hak\\\/&quot;,&quot;item_list_name&quot;:&quot;General Product List&quot;,&quot;index&quot;:0,&quot;product_type&quot;:&quot;variable&quot;}\"><\/span>\n\t\t\t\t<a href=\"https:\/\/triga26.semtix.eu\/de\/produkt\/zavesny-hak\/\" class=\"wc-block-grid__product-link\">\n\t\t\t\t\t\n\t\t\t\t\t<div class=\"wc-block-grid__product-image\"><img loading=\"lazy\" decoding=\"async\" width=\"800\" height=\"800\" src=\"https:\/\/triga26.semtix.eu\/wp-content\/uploads\/woocommerce-placeholder-800x800.png\" class=\"woocommerce-placeholder wp-post-image\" alt=\"\" srcset=\"https:\/\/triga26.semtix.eu\/wp-content\/uploads\/woocommerce-placeholder-800x800.png 800w, https:\/\/triga26.semtix.eu\/wp-content\/uploads\/woocommerce-placeholder-150x150.png 150w, https:\/\/triga26.semtix.eu\/wp-content\/uploads\/woocommerce-placeholder-300x300.png 300w\" sizes=\"auto, (max-width:767px) 767px, (max-width:800px) 100vw, 800px\" \/><\/div>\n\t\t\t\t\t<div class=\"wc-block-grid__product-title\">Z\u00e1v\u011bsn\u00fd h\u00e1k<\/div>\n\t\t\t\t<\/a>\n\t\t\t\t<div class=\"wc-block-grid__product-price price\"><span class=\"woocommerce-Price-amount amount\">0,00&nbsp;<span class=\"woocommerce-Price-currencySymbol\">&#075;&#269;<\/span><\/span><\/div>\n\t\t\t\t\n\t\t\t\t<div class=\"wp-block-button wc-block-grid__product-add-to-cart\"><a href=\"https:\/\/triga26.semtix.eu\/de\/produkt\/zavesny-hak\/\" aria-label=\"W\u00e4hle Optionen f\u00fcr \u201eZ\u00e1v\u011bsn\u00fd h\u00e1k\u201c\" data-quantity=\"1\" data-product_id=\"13395\" data-product_sku=\"2+C201 OS+Nosnost 1.0 t \/ pr\u016fm\u011br lana 21 mm\" data-price=\"0\" rel=\"nofollow\" class=\"wp-block-button__link  add_to_cart_button\">Ausf\u00fchrung w\u00e4hlen<\/a><\/div>\n\t\t\t<\/li><li class=\"wc-block-grid__product\"><span class=\"gtm4wp_productdata\" style=\"display:none; visibility:hidden;\" data-gtm4wp_product_data=\"{&quot;internal_id&quot;:13376,&quot;item_id&quot;:13376,&quot;item_name&quot;:&quot;Nakl\\u00e1p\\u011bc\\u00ed p\\u0159\\u00edkopov\\u00e1 lopata HD&quot;,&quot;sku&quot;:&quot;5++&quot;,&quot;price&quot;:0,&quot;stocklevel&quot;:null,&quot;stockstatus&quot;:&quot;instock&quot;,&quot;google_business_vertical&quot;:&quot;retail&quot;,&quot;item_category&quot;:&quot;Rypadla st\\u0159edn\\u00ed&quot;,&quot;id&quot;:13376,&quot;item_brand&quot;:&quot;&quot;,&quot;productlink&quot;:&quot;https:\\\/\\\/triga26.semtix.eu\\\/de\\\/produkt\\\/naklapeci-prikopova-lopata-hd\\\/&quot;,&quot;item_list_name&quot;:&quot;General Product List&quot;,&quot;index&quot;:0,&quot;product_type&quot;:&quot;variable&quot;}\"><\/span>\n\t\t\t\t<a href=\"https:\/\/triga26.semtix.eu\/de\/produkt\/naklapeci-prikopova-lopata-hd\/\" class=\"wc-block-grid__product-link\">\n\t\t\t\t\t\n\t\t\t\t\t<div class=\"wc-block-grid__product-image\"><img loading=\"lazy\" decoding=\"async\" width=\"800\" height=\"800\" src=\"https:\/\/triga26.semtix.eu\/wp-content\/uploads\/woocommerce-placeholder-800x800.png\" class=\"woocommerce-placeholder wp-post-image\" alt=\"\" srcset=\"https:\/\/triga26.semtix.eu\/wp-content\/uploads\/woocommerce-placeholder-800x800.png 800w, https:\/\/triga26.semtix.eu\/wp-content\/uploads\/woocommerce-placeholder-150x150.png 150w, https:\/\/triga26.semtix.eu\/wp-content\/uploads\/woocommerce-placeholder-300x300.png 300w\" sizes=\"auto, (max-width:767px) 767px, (max-width:800px) 100vw, 800px\" \/><\/div>\n\t\t\t\t\t<div class=\"wc-block-grid__product-title\">Nakl\u00e1p\u011bc\u00ed p\u0159\u00edkopov\u00e1 lopata HD<\/div>\n\t\t\t\t<\/a>\n\t\t\t\t<div class=\"wc-block-grid__product-price price\"><span class=\"woocommerce-Price-amount amount\">0,00&nbsp;<span class=\"woocommerce-Price-currencySymbol\">&#075;&#269;<\/span><\/span><\/div>\n\t\t\t\t\n\t\t\t\t<div class=\"wp-block-button wc-block-grid__product-add-to-cart\"><a href=\"https:\/\/triga26.semtix.eu\/de\/produkt\/naklapeci-prikopova-lopata-hd\/\" aria-label=\"W\u00e4hle Optionen f\u00fcr \u201eNakl\u00e1p\u011bc\u00ed p\u0159\u00edkopov\u00e1 lopata HD\u201c\" data-quantity=\"1\" data-product_id=\"13376\" data-product_sku=\"5++\" data-price=\"0\" rel=\"nofollow\" class=\"wp-block-button__link  add_to_cart_button\">Ausf\u00fchrung w\u00e4hlen<\/a><\/div>\n\t\t\t<\/li><\/ul><\/div><\/div>\n<\/div>\n","protected":false},"excerpt":{"rendered":"","protected":false},"author":2,"featured_media":0,"parent":0,"menu_order":0,"comment_status":"closed","ping_status":"closed","template":"","meta":{"_acf_changed":false,"footnotes":""},"class_list":["post-6258","page","type-page","status-publish","hentry"],"acf":[],"_links":{"self":[{"href":"https:\/\/triga26.semtix.eu\/de\/wp-json\/wp\/v2\/pages\/6258","targetHints":{"allow":["GET"]}}],"collection":[{"href":"https:\/\/triga26.semtix.eu\/de\/wp-json\/wp\/v2\/pages"}],"about":[{"href":"https:\/\/triga26.semtix.eu\/de\/wp-json\/wp\/v2\/types\/page"}],"author":[{"embeddable":true,"href":"https:\/\/triga26.semtix.eu\/de\/wp-json\/wp\/v2\/users\/2"}],"replies":[{"embeddable":true,"href":"https:\/\/triga26.semtix.eu\/de\/wp-json\/wp\/v2\/comments?post=6258"}],"version-history":[{"count":0,"href":"https:\/\/triga26.semtix.eu\/de\/wp-json\/wp\/v2\/pages\/6258\/revisions"}],"wp:attachment":[{"href":"https:\/\/triga26.semtix.eu\/de\/wp-json\/wp\/v2\/media?parent=6258"}],"curies":[{"name":"wp","href":"https:\/\/api.w.org\/{rel}","templated":true}]}}