{"id":12129,"date":"2026-05-14T08:50:17","date_gmt":"2026-05-14T06:50:17","guid":{"rendered":"https:\/\/triga.semtix.eu\/produkt\/tiefloeffel-gd\/"},"modified":"2025-05-29T11:53:28","modified_gmt":"2025-05-29T09:53:28","slug":"tiefloeffel-gd","status":"publish","type":"product","link":"https:\/\/triga26.semtix.eu\/de\/produkt\/tiefloeffel-gd\/","title":{"rendered":"Tiefl\u00f6ffel GD"},"content":{"rendered":"","protected":false},"excerpt":{"rendered":"<p>Der Tiefl\u00f6ffel P f\u00fcr normale Bedingungen ist f\u00fcr den Einsatz mit geringerem Verschlei\u00df und geringen St\u00f6\u00dfen ausgelegt. Zum Graben und Verladen von losen und leicht verdichteten Materialien wie Erde, Lehm, Schmutz, Schlamm und Ton.<\/p>\n","protected":false},"featured_media":0,"comment_status":"closed","ping_status":"closed","template":"","meta":{"_acf_changed":false},"product_brand":[],"product_cat":[2560],"product_tag":[2561,5960,2605,2606,5961,2611,5952,5953,2577],"class_list":{"0":"post-12129","1":"product","2":"type-product","3":"status-publish","5":"product_cat-grose-bagger","6":"product_tag-10-de","7":"product_tag-5960","8":"product_tag-11-de","9":"product_tag-12-de","10":"product_tag-5961","11":"product_tag-13-de","12":"product_tag-5952","13":"product_tag-5953","14":"product_tag-5-de","15":"pa_druhy-prace-3297","16":"pa_druhy-prace-3295","17":"pa_komercni-kod-p-gd-10-1000","18":"pa_komercni-kod-p-gd-10-1200","19":"pa_komercni-kod-p-gd-10-1400","20":"pa_komercni-kod-p-gd-10-1500","21":"pa_komercni-kod-p-gd-10-600","22":"pa_komercni-kod-p-gd-10-800","23":"pa_komercni-kod-p-gd-105-1000","24":"pa_komercni-kod-p-gd-105-1200","25":"pa_komercni-kod-p-gd-105-1400","26":"pa_komercni-kod-p-gd-105-1500","27":"pa_komercni-kod-p-gd-105-600","28":"pa_komercni-kod-p-gd-105-800","29":"pa_komercni-kod-p-gd-11-1000","30":"pa_komercni-kod-p-gd-11-1200","31":"pa_komercni-kod-p-gd-11-1500","32":"pa_komercni-kod-p-gd-11-1600","33":"pa_komercni-kod-p-gd-11-850","34":"pa_komercni-kod-p-gd-12-1300","35":"pa_komercni-kod-p-gd-12-1550","36":"pa_komercni-kod-p-gd-12-1650","37":"pa_komercni-kod-p-gd-12-1750","38":"pa_komercni-kod-p-gd-12-1850","39":"pa_komercni-kod-p-gd-125-1300","40":"pa_komercni-kod-p-gd-125-1550","41":"pa_komercni-kod-p-gd-125-1650","42":"pa_komercni-kod-p-gd-125-1750","43":"pa_komercni-kod-p-gd-125-1850","44":"pa_komercni-kod-p-gd-13-1750","45":"pa_komercni-kod-p-gd-13-1850","46":"pa_komercni-kod-p-gd-13-1950","47":"pa_komercni-kod-p-gd-14-1800","48":"pa_komercni-kod-p-gd-14-1900","49":"pa_komercni-kod-p-gd-14-2000","50":"pa_komercni-kod-p-gd-145-1800","51":"pa_komercni-kod-p-gd-145-1900","52":"pa_komercni-kod-p-gd-145-2000","53":"pa_komercni-kod-p-gd-15-1900","54":"pa_komercni-kod-p-gd-15-2000","55":"pa_komercni-kod-p-gd-15-2100","56":"pa_komercni-kod-1-p-gd-10","57":"pa_komercni-kod-1-p-gd-105","58":"pa_komercni-kod-1-p-gd-11","59":"pa_komercni-kod-1-p-gd-12","60":"pa_komercni-kod-1-p-gd-125","61":"pa_komercni-kod-1-p-gd-13","62":"pa_komercni-kod-1-p-gd-14","63":"pa_komercni-kod-1-p-gd-145","64":"pa_komercni-kod-1-p-gd-15","65":"pa_objem-m3-0-46","66":"pa_objem-m3-0-5","67":"pa_objem-m3-0-68","68":"pa_objem-m3-0-75","69":"pa_objem-m3-0-86","70":"pa_objem-m3-0-91","71":"pa_objem-m3-5530","72":"pa_objem-m3-1-06","73":"pa_objem-m3-1-19","74":"pa_objem-m3-1-27","75":"pa_objem-m3-1-32","76":"pa_objem-m3-1-43","77":"pa_objem-m3-1-53","78":"pa_objem-m3-1-54","79":"pa_objem-m3-1-67","80":"pa_objem-m3-1-8","81":"pa_objem-m3-5546","82":"pa_objem-m3-2-23","83":"pa_objem-m3-2-41","84":"pa_objem-m3-2-53","85":"pa_objem-m3-2-6","86":"pa_objem-m3-2-75","87":"pa_objem-m3-2-77","88":"pa_objem-m3-2-97","89":"pa_objem-m3-3-19","90":"pa_objem-m3-3-26","91":"pa_objem-m3-3-45","92":"pa_objem-m3-3-64","93":"pa_objem-m3-3-73","94":"pa_objem-m3-3-87","95":"pa_objem-m3-9285","96":"pa_objem-m3-4-15","97":"pa_objem-m3-4-26","98":"pa_objem-m3-4-43","99":"pa_objem-m3-4-7","100":"pa_objem-m3-9300","101":"pa_objem-m3-5-3","102":"pa_podminky-prace-gd","103":"pa_sirka-mm-5773","104":"pa_sirka-mm-5780","105":"pa_sirka-mm-5784","106":"pa_sirka-mm-5786","107":"pa_sirka-mm-5788","108":"pa_sirka-mm-5813","109":"pa_sirka-mm-5793","110":"pa_sirka-mm-5815","111":"pa_sirka-mm-5817","112":"pa_sirka-mm-5797","113":"pa_sirka-mm-5819","114":"pa_sirka-mm-5801","115":"pa_sirka-mm-9471","116":"pa_sirka-mm-5803","117":"pa_sirka-mm-9475","118":"pa_sirka-mm-5777","119":"pa_sirka-mm-5771","120":"pa_sirka-mm-5811","121":"pa_trida-5892","122":"pa_trida-10-5","123":"pa_trida-5896","124":"pa_trida-5898","125":"pa_trida-12-5","126":"pa_trida-5900","127":"pa_trida-5902","128":"pa_trida-14-5","129":"pa_trida-6179","130":"pa_vyrobek-p","132":"first","133":"instock","134":"product-type-variable"},"acf":[],"_links":{"self":[{"href":"https:\/\/triga26.semtix.eu\/de\/wp-json\/wp\/v2\/product\/12129","targetHints":{"allow":["GET"]}}],"collection":[{"href":"https:\/\/triga26.semtix.eu\/de\/wp-json\/wp\/v2\/product"}],"about":[{"href":"https:\/\/triga26.semtix.eu\/de\/wp-json\/wp\/v2\/types\/product"}],"replies":[{"embeddable":true,"href":"https:\/\/triga26.semtix.eu\/de\/wp-json\/wp\/v2\/comments?post=12129"}],"wp:attachment":[{"href":"https:\/\/triga26.semtix.eu\/de\/wp-json\/wp\/v2\/media?parent=12129"}],"wp:term":[{"taxonomy":"product_brand","embeddable":true,"href":"https:\/\/triga26.semtix.eu\/de\/wp-json\/wp\/v2\/product_brand?post=12129"},{"taxonomy":"product_cat","embeddable":true,"href":"https:\/\/triga26.semtix.eu\/de\/wp-json\/wp\/v2\/product_cat?post=12129"},{"taxonomy":"product_tag","embeddable":true,"href":"https:\/\/triga26.semtix.eu\/de\/wp-json\/wp\/v2\/product_tag?post=12129"}],"curies":[{"name":"wp","href":"https:\/\/api.w.org\/{rel}","templated":true}]}}