{"id":12311,"date":"2026-05-14T08:47:34","date_gmt":"2026-05-14T06:47:34","guid":{"rendered":"https:\/\/triga.semtix.eu\/produkt\/grabenloeffel-hd\/"},"modified":"2025-05-29T11:54:38","modified_gmt":"2025-05-29T09:54:38","slug":"grabenloeffel-hd","status":"publish","type":"product","link":"https:\/\/triga26.semtix.eu\/de\/produkt\/grabenloeffel-hd\/","title":{"rendered":"Grabenl\u00f6ffel HD"},"content":{"rendered":"","protected":false},"excerpt":{"rendered":"<p>Der Grabenl\u00f6ffel V f\u00fcr schwere Bedingungen wird nach individuellen Anforderungen gefertigt und ist f\u00fcr das Ausheben von Gr\u00e4ben mit vorab festgelegter Breite und Neigung bestimmt.<\/p>\n","protected":false},"featured_media":0,"comment_status":"closed","ping_status":"closed","template":"","meta":{"_acf_changed":false},"product_brand":[],"product_cat":[2576],"product_tag":[2577,2578,2579,2581,2580],"class_list":{"0":"post-12311","1":"product","2":"type-product","3":"status-publish","5":"product_cat-mittlere-bagger","6":"product_tag-5-de","7":"product_tag-6-de","8":"product_tag-7-de","9":"product_tag-8-de","10":"product_tag-9-de","11":"pa_druhy-prace-3295","12":"pa_komercni-kod-v-hd-5-250-60","13":"pa_komercni-kod-v-hd-5-300-60","14":"pa_komercni-kod-v-hd-5-400-60","15":"pa_komercni-kod-v-hd-5-500-60","16":"pa_komercni-kod-v-hd-6-300-60","17":"pa_komercni-kod-v-hd-6-350-60","18":"pa_komercni-kod-v-hd-6-400-60","19":"pa_komercni-kod-v-hd-6-450-60","20":"pa_komercni-kod-v-hd-6-500-60","21":"pa_komercni-kod-v-hd-7-300-60","22":"pa_komercni-kod-v-hd-7-350-60","23":"pa_komercni-kod-v-hd-7-400-60","24":"pa_komercni-kod-v-hd-7-450-60","25":"pa_komercni-kod-v-hd-7-500-60","26":"pa_komercni-kod-v-hd-8-300-60","27":"pa_komercni-kod-v-hd-8-350-60","28":"pa_komercni-kod-v-hd-8-400-60","29":"pa_komercni-kod-v-hd-8-450-60","30":"pa_komercni-kod-v-hd-8-500-60","31":"pa_komercni-kod-v-hd-9-350-60","32":"pa_komercni-kod-v-hd-9-400-60","33":"pa_komercni-kod-v-hd-9-450-60","34":"pa_komercni-kod-v-hd-9-500-60","35":"pa_komercni-kod-1-v-hd-5","36":"pa_komercni-kod-1-v-hd-6","37":"pa_komercni-kod-1-v-hd-7","38":"pa_komercni-kod-1-v-hd-8","39":"pa_komercni-kod-1-v-hd-9","40":"pa_objem-l-9235","41":"pa_objem-l-5395","42":"pa_objem-l-9237","43":"pa_objem-l-9238","44":"pa_objem-l-9239","45":"pa_objem-l-5422","46":"pa_objem-l-9240","47":"pa_objem-l-5401","48":"pa_objem-l-9241","49":"pa_objem-l-9242","50":"pa_objem-l-9243","51":"pa_objem-l-9244","52":"pa_objem-l-9245","53":"pa_objem-l-9246","54":"pa_objem-l-9247","55":"pa_objem-l-9248","56":"pa_objem-l-9249","57":"pa_objem-l-9250","58":"pa_objem-l-9251","59":"pa_objem-l-9252","60":"pa_objem-l-9253","61":"pa_objem-l-5378","62":"pa_podminky-prace-hd","63":"pa_sirka-mm-5765","64":"pa_sirka-mm-5767","65":"pa_sirka-mm-6166","66":"pa_sirka-mm-5769","67":"pa_sirka-mm-6167","68":"pa_sirka-mm-5775","69":"pa_trida-5880","70":"pa_trida-5884","71":"pa_trida-5886","72":"pa_trida-5888","73":"pa_trida-5890","74":"pa_vyrobek-v","76":"first","77":"instock","78":"product-type-variable"},"acf":[],"_links":{"self":[{"href":"https:\/\/triga26.semtix.eu\/de\/wp-json\/wp\/v2\/product\/12311","targetHints":{"allow":["GET"]}}],"collection":[{"href":"https:\/\/triga26.semtix.eu\/de\/wp-json\/wp\/v2\/product"}],"about":[{"href":"https:\/\/triga26.semtix.eu\/de\/wp-json\/wp\/v2\/types\/product"}],"replies":[{"embeddable":true,"href":"https:\/\/triga26.semtix.eu\/de\/wp-json\/wp\/v2\/comments?post=12311"}],"wp:attachment":[{"href":"https:\/\/triga26.semtix.eu\/de\/wp-json\/wp\/v2\/media?parent=12311"}],"wp:term":[{"taxonomy":"product_brand","embeddable":true,"href":"https:\/\/triga26.semtix.eu\/de\/wp-json\/wp\/v2\/product_brand?post=12311"},{"taxonomy":"product_cat","embeddable":true,"href":"https:\/\/triga26.semtix.eu\/de\/wp-json\/wp\/v2\/product_cat?post=12311"},{"taxonomy":"product_tag","embeddable":true,"href":"https:\/\/triga26.semtix.eu\/de\/wp-json\/wp\/v2\/product_tag?post=12311"}],"curies":[{"name":"wp","href":"https:\/\/api.w.org\/{rel}","templated":true}]}}