{"id":12393,"date":"2026-05-14T08:51:02","date_gmt":"2026-05-14T06:51:02","guid":{"rendered":"https:\/\/triga.semtix.eu\/produkt\/tiefloeffel-sd\/"},"modified":"2025-05-29T11:54:12","modified_gmt":"2025-05-29T09:54:12","slug":"tiefloeffel-sd","status":"publish","type":"product","link":"https:\/\/triga26.semtix.eu\/de\/produkt\/tiefloeffel-sd\/","title":{"rendered":"Tiefl\u00f6ffel SD"},"content":{"rendered":"","protected":false},"excerpt":{"rendered":"<p>Der Tiefl\u00f6ffel P f\u00fcr anspruchsvolle Bedingungen ist f\u00fcr den Einsatz in sehr schlagfesten, mittelabrasiven Materialien ausgelegt. Graben und Verladen von Materialien mit durchschnittlicher H\u00e4rte wie felsigem Boden und Kalkstein. Seitliche Schneidkantenprotektoren dienen als zus\u00e4tzlicher Verschlei\u00dfschutz.<\/p>\n","protected":false},"featured_media":0,"comment_status":"closed","ping_status":"closed","template":"","meta":{"_acf_changed":false},"product_brand":[],"product_cat":[2560],"product_tag":[2561,5960,2605,2606,5961,2611,5952,5953,2577],"class_list":{"0":"post-12393","1":"product","2":"type-product","3":"status-publish","5":"product_cat-grose-bagger","6":"product_tag-10-de","7":"product_tag-5960","8":"product_tag-11-de","9":"product_tag-12-de","10":"product_tag-5961","11":"product_tag-13-de","12":"product_tag-5952","13":"product_tag-5953","14":"product_tag-5-de","15":"pa_druhy-prace-3297","16":"pa_komercni-kod-p-sd-10-1000","17":"pa_komercni-kod-p-sd-10-1200","18":"pa_komercni-kod-p-sd-10-1400","19":"pa_komercni-kod-p-sd-10-1500","20":"pa_komercni-kod-p-sd-10-600","21":"pa_komercni-kod-p-sd-10-800","22":"pa_komercni-kod-p-sd-105-1000","23":"pa_komercni-kod-p-sd-105-1200","24":"pa_komercni-kod-p-sd-105-1400","25":"pa_komercni-kod-p-sd-105-1500","26":"pa_komercni-kod-p-sd-105-600","27":"pa_komercni-kod-p-sd-105-800","28":"pa_komercni-kod-p-sd-11-1000","29":"pa_komercni-kod-p-sd-11-1200","30":"pa_komercni-kod-p-sd-11-1500","31":"pa_komercni-kod-p-sd-11-1600","32":"pa_komercni-kod-p-sd-11-850","33":"pa_komercni-kod-p-sd-12-1300","34":"pa_komercni-kod-p-sd-12-1550","35":"pa_komercni-kod-p-sd-12-1650","36":"pa_komercni-kod-p-sd-12-1750","37":"pa_komercni-kod-p-sd-12-1850","38":"pa_komercni-kod-p-sd-125-1300","39":"pa_komercni-kod-p-sd-125-1550","40":"pa_komercni-kod-p-sd-125-1650","41":"pa_komercni-kod-p-sd-125-1750","42":"pa_komercni-kod-p-sd-125-1850","43":"pa_komercni-kod-p-sd-13-1750","44":"pa_komercni-kod-p-sd-13-1850","45":"pa_komercni-kod-p-sd-13-1950","46":"pa_komercni-kod-p-sd-14-1800","47":"pa_komercni-kod-p-sd-14-1900","48":"pa_komercni-kod-p-sd-14-2000","49":"pa_komercni-kod-p-sd-145-1800","50":"pa_komercni-kod-p-sd-145-1900","51":"pa_komercni-kod-p-sd-145-2000","52":"pa_komercni-kod-p-sd-15-1900","53":"pa_komercni-kod-p-sd-15-2000","54":"pa_komercni-kod-p-sd-15-2100","55":"pa_komercni-kod-1-p-hd-13","56":"pa_komercni-kod-1-p-sd-10","57":"pa_komercni-kod-1-p-sd-105","58":"pa_komercni-kod-1-p-sd-11","59":"pa_komercni-kod-1-p-sd-12","60":"pa_komercni-kod-1-p-sd-125","61":"pa_komercni-kod-1-p-sd-14","62":"pa_komercni-kod-1-p-sd-145","63":"pa_komercni-kod-1-p-sd-15","64":"pa_objem-m3-0-46","65":"pa_objem-m3-0-5","66":"pa_objem-m3-0-68","67":"pa_objem-m3-0-75","68":"pa_objem-m3-0-86","69":"pa_objem-m3-0-91","70":"pa_objem-m3-5530","71":"pa_objem-m3-1-06","72":"pa_objem-m3-1-19","73":"pa_objem-m3-1-27","74":"pa_objem-m3-1-32","75":"pa_objem-m3-1-43","76":"pa_objem-m3-1-53","77":"pa_objem-m3-1-54","78":"pa_objem-m3-1-67","79":"pa_objem-m3-1-8","80":"pa_objem-m3-5546","81":"pa_objem-m3-2-23","82":"pa_objem-m3-2-41","83":"pa_objem-m3-2-53","84":"pa_objem-m3-2-6","85":"pa_objem-m3-2-75","86":"pa_objem-m3-2-77","87":"pa_objem-m3-2-97","88":"pa_objem-m3-3-19","89":"pa_objem-m3-3-26","90":"pa_objem-m3-3-45","91":"pa_objem-m3-3-64","92":"pa_objem-m3-3-73","93":"pa_objem-m3-3-87","94":"pa_objem-m3-9285","95":"pa_objem-m3-4-15","96":"pa_objem-m3-4-26","97":"pa_objem-m3-4-43","98":"pa_objem-m3-4-7","99":"pa_objem-m3-9300","100":"pa_objem-m3-5-3","101":"pa_podminky-prace-sd","102":"pa_sirka-mm-5773","103":"pa_sirka-mm-5780","104":"pa_sirka-mm-5784","105":"pa_sirka-mm-5786","106":"pa_sirka-mm-5788","107":"pa_sirka-mm-5813","108":"pa_sirka-mm-5793","109":"pa_sirka-mm-5815","110":"pa_sirka-mm-5817","111":"pa_sirka-mm-5797","112":"pa_sirka-mm-5819","113":"pa_sirka-mm-5801","114":"pa_sirka-mm-9471","115":"pa_sirka-mm-5803","116":"pa_sirka-mm-9475","117":"pa_sirka-mm-5777","118":"pa_sirka-mm-5771","119":"pa_sirka-mm-5811","120":"pa_trida-5892","121":"pa_trida-10-5","122":"pa_trida-5896","123":"pa_trida-5898","124":"pa_trida-12-5","125":"pa_trida-5900","126":"pa_trida-5902","127":"pa_trida-14-5","128":"pa_trida-6179","129":"pa_vyrobek-p","131":"first","132":"instock","133":"product-type-variable"},"acf":[],"_links":{"self":[{"href":"https:\/\/triga26.semtix.eu\/de\/wp-json\/wp\/v2\/product\/12393","targetHints":{"allow":["GET"]}}],"collection":[{"href":"https:\/\/triga26.semtix.eu\/de\/wp-json\/wp\/v2\/product"}],"about":[{"href":"https:\/\/triga26.semtix.eu\/de\/wp-json\/wp\/v2\/types\/product"}],"replies":[{"embeddable":true,"href":"https:\/\/triga26.semtix.eu\/de\/wp-json\/wp\/v2\/comments?post=12393"}],"wp:attachment":[{"href":"https:\/\/triga26.semtix.eu\/de\/wp-json\/wp\/v2\/media?parent=12393"}],"wp:term":[{"taxonomy":"product_brand","embeddable":true,"href":"https:\/\/triga26.semtix.eu\/de\/wp-json\/wp\/v2\/product_brand?post=12393"},{"taxonomy":"product_cat","embeddable":true,"href":"https:\/\/triga26.semtix.eu\/de\/wp-json\/wp\/v2\/product_cat?post=12393"},{"taxonomy":"product_tag","embeddable":true,"href":"https:\/\/triga26.semtix.eu\/de\/wp-json\/wp\/v2\/product_tag?post=12393"}],"curies":[{"name":"wp","href":"https:\/\/api.w.org\/{rel}","templated":true}]}}