{"id":7377,"date":"2026-05-14T08:47:44","date_gmt":"2026-05-14T06:47:44","guid":{"rendered":"https:\/\/triga.semtix.eu\/produkt\/planierschaufel-gd-2\/"},"modified":"2025-10-17T10:22:45","modified_gmt":"2025-10-17T08:22:45","slug":"planierschaufel-gd-2","status":"publish","type":"product","link":"https:\/\/triga26.semtix.eu\/de\/produkt\/planierschaufel-gd-2\/","title":{"rendered":"B\u00f6schungsschaufel GD"},"content":{"rendered":"","protected":false},"excerpt":{"rendered":"<p>Die B\u00f6schungsschaufel S f\u00fcr \u00fcbliche Einsatzbedingungen ist f\u00fcr Graben-, Planier-, Einebnungs- und andere Endarbeiten vorgesehen.<\/p>\n","protected":false},"featured_media":0,"comment_status":"closed","ping_status":"closed","template":"","meta":{"_acf_changed":false},"product_brand":[],"product_cat":[2576],"product_tag":[2577,2578,2579,2581,2580],"class_list":{"0":"post-7377","1":"product","2":"type-product","3":"status-publish","5":"product_cat-mittlere-bagger","6":"product_tag-5-de","7":"product_tag-6-de","8":"product_tag-7-de","9":"product_tag-8-de","10":"product_tag-9-de","11":"pa_druhy-prace-3295","12":"pa_komercni-kod-s-gd-5-1500","13":"pa_komercni-kod-s-gd-5-1600","14":"pa_komercni-kod-s-gd-5-1700","15":"pa_komercni-kod-s-gd-5-1800","16":"pa_komercni-kod-s-gd-55-1500","17":"pa_komercni-kod-s-gd-55-1800","18":"pa_komercni-kod-s-gd-6-7-1800","19":"pa_komercni-kod-s-gd-6-7-1900","20":"pa_komercni-kod-s-gd-6-7-2000","21":"pa_komercni-kod-s-gd-8-1800","22":"pa_komercni-kod-s-gd-8-1900","23":"pa_komercni-kod-s-gd-8-2000","24":"pa_komercni-kod-s-gd-9-2000","25":"pa_komercni-kod-s-gd-9-2200","26":"pa_komercni-kod-s-gd-9-2400","27":"pa_komercni-kod-1-s-gd-5","28":"pa_komercni-kod-1-s-gd-55","29":"pa_komercni-kod-1-s-gd-6-7","30":"pa_komercni-kod-1-s-gd-8","31":"pa_komercni-kod-1-s-gd-9","32":"pa_objem-l-5497","33":"pa_objem-l-5408","34":"pa_objem-l-5410","35":"pa_objem-l-5401","36":"pa_objem-l-5414","37":"pa_objem-l-5412","38":"pa_objem-l-5416","39":"pa_objem-l-5433","40":"pa_objem-l-5435","41":"pa_objem-l-5437","42":"pa_objem-l-5469","43":"pa_objem-l-5471","44":"pa_objem-l-5493","45":"pa_objem-l-5495","46":"pa_podminky-prace-gd","47":"pa_sirka-mm-5788","48":"pa_sirka-mm-5793","49":"pa_sirka-mm-5795","50":"pa_sirka-mm-5797","51":"pa_sirka-mm-5801","52":"pa_sirka-mm-5803","53":"pa_sirka-mm-5807","54":"pa_sirka-mm-5809","55":"pa_trida-5880","56":"pa_trida-5-5","57":"pa_trida-5884","58":"pa_trida-5886","59":"pa_trida-5888","60":"pa_trida-5890","61":"pa_vyrobek-s","63":"first","64":"instock","65":"product-type-variable"},"acf":[],"_links":{"self":[{"href":"https:\/\/triga26.semtix.eu\/de\/wp-json\/wp\/v2\/product\/7377","targetHints":{"allow":["GET"]}}],"collection":[{"href":"https:\/\/triga26.semtix.eu\/de\/wp-json\/wp\/v2\/product"}],"about":[{"href":"https:\/\/triga26.semtix.eu\/de\/wp-json\/wp\/v2\/types\/product"}],"replies":[{"embeddable":true,"href":"https:\/\/triga26.semtix.eu\/de\/wp-json\/wp\/v2\/comments?post=7377"}],"wp:attachment":[{"href":"https:\/\/triga26.semtix.eu\/de\/wp-json\/wp\/v2\/media?parent=7377"}],"wp:term":[{"taxonomy":"product_brand","embeddable":true,"href":"https:\/\/triga26.semtix.eu\/de\/wp-json\/wp\/v2\/product_brand?post=7377"},{"taxonomy":"product_cat","embeddable":true,"href":"https:\/\/triga26.semtix.eu\/de\/wp-json\/wp\/v2\/product_cat?post=7377"},{"taxonomy":"product_tag","embeddable":true,"href":"https:\/\/triga26.semtix.eu\/de\/wp-json\/wp\/v2\/product_tag?post=7377"}],"curies":[{"name":"wp","href":"https:\/\/api.w.org\/{rel}","templated":true}]}}