{"id":8031,"date":"2026-05-14T08:48:51","date_gmt":"2026-05-14T06:48:51","guid":{"rendered":"https:\/\/triga.semtix.eu\/produkt\/vertikutierhaken-sd\/"},"modified":"2025-10-17T10:22:26","modified_gmt":"2025-10-17T08:22:26","slug":"vertikutierhaken-sd","status":"publish","type":"product","link":"https:\/\/triga26.semtix.eu\/de\/produkt\/vertikutierhaken-sd\/","title":{"rendered":"Aufrei\u00dfhaken SD"},"content":{"rendered":"","protected":false},"excerpt":{"rendered":"<p>Aufrei\u00dfhaken Y f\u00fcr anspruchsvolle Bedingungen, geeignet f\u00fcr Abbrucharbeiten, zum Abbrechen von Felsen und harten Materialien.<\/p>\n","protected":false},"featured_media":0,"comment_status":"closed","ping_status":"closed","template":"","meta":{"_acf_changed":false},"product_brand":[],"product_cat":[2576],"product_tag":[2577,2578,2579,2581,2580],"class_list":{"0":"post-8031","1":"product","2":"type-product","3":"status-publish","5":"product_cat-mittlere-bagger","6":"product_tag-5-de","7":"product_tag-6-de","8":"product_tag-7-de","9":"product_tag-8-de","10":"product_tag-9-de","11":"pa_druhy-prace-3297","12":"pa_druhy-prace-3295","13":"pa_komercni-kod-y-sd-5","14":"pa_komercni-kod-y-sd-7","15":"pa_komercni-kod-y-sd-8","16":"pa_komercni-kod-y-sd-9","17":"pa_komercni-kod-y-sd-6","18":"pa_komercni-kod-1-y-sd-5","19":"pa_komercni-kod-1-y-sd-7","20":"pa_komercni-kod-1-y-sd-8","21":"pa_komercni-kod-1-y-sd-9","22":"pa_komercni-kod-1-y-sd-6","23":"pa_podminky-prace-sd","24":"pa_trida-5880","25":"pa_trida-5884","26":"pa_trida-5886","27":"pa_trida-5888","28":"pa_trida-5890","29":"pa_vyrobek-y","31":"first","32":"instock","33":"product-type-variable"},"acf":[],"_links":{"self":[{"href":"https:\/\/triga26.semtix.eu\/de\/wp-json\/wp\/v2\/product\/8031","targetHints":{"allow":["GET"]}}],"collection":[{"href":"https:\/\/triga26.semtix.eu\/de\/wp-json\/wp\/v2\/product"}],"about":[{"href":"https:\/\/triga26.semtix.eu\/de\/wp-json\/wp\/v2\/types\/product"}],"replies":[{"embeddable":true,"href":"https:\/\/triga26.semtix.eu\/de\/wp-json\/wp\/v2\/comments?post=8031"}],"wp:attachment":[{"href":"https:\/\/triga26.semtix.eu\/de\/wp-json\/wp\/v2\/media?parent=8031"}],"wp:term":[{"taxonomy":"product_brand","embeddable":true,"href":"https:\/\/triga26.semtix.eu\/de\/wp-json\/wp\/v2\/product_brand?post=8031"},{"taxonomy":"product_cat","embeddable":true,"href":"https:\/\/triga26.semtix.eu\/de\/wp-json\/wp\/v2\/product_cat?post=8031"},{"taxonomy":"product_tag","embeddable":true,"href":"https:\/\/triga26.semtix.eu\/de\/wp-json\/wp\/v2\/product_tag?post=8031"}],"curies":[{"name":"wp","href":"https:\/\/api.w.org\/{rel}","templated":true}]}}