{"id":8990,"date":"2025-09-17T13:03:20","date_gmt":"2025-09-17T11:03:20","guid":{"rendered":"https:\/\/triga.semtix.eu\/?post_type=product&#038;p=8990"},"modified":"2025-10-30T12:48:34","modified_gmt":"2025-10-30T11:48:34","slug":"hochkippschaufel-gd","status":"publish","type":"product","link":"https:\/\/triga26.semtix.eu\/de\/produkt\/hochkippschaufel-gd\/","title":{"rendered":"Hochkippschaufel GD"},"content":{"rendered":"<div class=\"avatar_spinner_animation ng-tns-c574496339-37 ng-star-inserted\">Die Hochkippschaufel LVVS f\u00fcr normale Bedingungen findet Anwendung beim Laden und Transportieren von Material in gro\u00dfen H\u00f6hen.<\/div>\n","protected":false},"excerpt":{"rendered":"<p>Die Hochkippschaufel LVVS f\u00fcr normale Bedingungen findet Anwendung beim Laden und Transportieren von Material in gro\u00dfen H\u00f6hen.<\/p>\n","protected":false},"featured_media":6386,"comment_status":"closed","ping_status":"closed","template":"","meta":{"_acf_changed":false},"product_brand":[],"product_cat":[2615],"product_tag":[2577,2991,2578],"class_list":{"0":"post-8990","1":"product","2":"type-product","3":"status-publish","4":"has-post-thumbnail","6":"product_cat-grosse-lader","7":"product_tag-5-de","8":"product_tag-5-5-de","9":"product_tag-6-de","10":"pa_druhy-prace-3295","11":"pa_druhy-prace-3298","12":"pa_komercni-kod-lvvs-gd-6-2500","13":"pa_komercni-kod-lvvs-gd-6-2600","14":"pa_komercni-kod-lvvs-gd-6-2700","15":"pa_komercni-kod-lvvs-gd-6-2800","16":"pa_komercni-kod-lvvs-gd-6-2900","17":"pa_komercni-kod-lvvs-gd-6-3000","18":"pa_komercni-kod-lvvs-gd-6-3100","19":"pa_podminky-prace-gd","20":"pa_sirka-mm-5809","21":"pa_trida-5880","22":"pa_trida-6173","23":"pa_trida-5884","25":"first","26":"instock","27":"purchasable","28":"product-type-variable"},"acf":[],"_links":{"self":[{"href":"https:\/\/triga26.semtix.eu\/de\/wp-json\/wp\/v2\/product\/8990","targetHints":{"allow":["GET"]}}],"collection":[{"href":"https:\/\/triga26.semtix.eu\/de\/wp-json\/wp\/v2\/product"}],"about":[{"href":"https:\/\/triga26.semtix.eu\/de\/wp-json\/wp\/v2\/types\/product"}],"replies":[{"embeddable":true,"href":"https:\/\/triga26.semtix.eu\/de\/wp-json\/wp\/v2\/comments?post=8990"}],"wp:featuredmedia":[{"embeddable":true,"href":"https:\/\/triga26.semtix.eu\/de\/wp-json\/wp\/v2\/media\/6386"}],"wp:attachment":[{"href":"https:\/\/triga26.semtix.eu\/de\/wp-json\/wp\/v2\/media?parent=8990"}],"wp:term":[{"taxonomy":"product_brand","embeddable":true,"href":"https:\/\/triga26.semtix.eu\/de\/wp-json\/wp\/v2\/product_brand?post=8990"},{"taxonomy":"product_cat","embeddable":true,"href":"https:\/\/triga26.semtix.eu\/de\/wp-json\/wp\/v2\/product_cat?post=8990"},{"taxonomy":"product_tag","embeddable":true,"href":"https:\/\/triga26.semtix.eu\/de\/wp-json\/wp\/v2\/product_tag?post=8990"}],"curies":[{"name":"wp","href":"https:\/\/api.w.org\/{rel}","templated":true}]}}