{"id":9308,"date":"2025-09-17T13:57:31","date_gmt":"2025-09-17T11:57:31","guid":{"rendered":"https:\/\/triga.semtix.eu\/?post_type=product&#038;p=9308"},"modified":"2025-10-30T12:45:51","modified_gmt":"2025-10-30T11:45:51","slug":"palettengabel","status":"publish","type":"product","link":"https:\/\/triga26.semtix.eu\/de\/produkt\/palettengabel\/","title":{"rendered":"Palettengabel"},"content":{"rendered":"<p>Die S Heavy Duty Slope Shovel wurde f\u00fcr das Ausheben von Gr\u00e4ben, das Anlegen von B\u00f6schungen, das Planieren und andere Fertigstellungsarbeiten entwickelt.<\/p>\n","protected":false},"excerpt":{"rendered":"<p>Die Palettengabel PR f\u00fcr normale Bedingungen wird f\u00fcr die Arbeit mit Paletten verschiedener Gr\u00f6\u00dfen oder f\u00fcr die Handhabung von anderem Material verwendet.<\/p>\n","protected":false},"featured_media":6335,"comment_status":"closed","ping_status":"closed","template":"","meta":{"_acf_changed":false},"product_brand":[],"product_cat":[2615],"product_tag":[2577,2578,2579,2581,2580],"class_list":{"0":"post-9308","1":"product","2":"type-product","3":"status-publish","4":"has-post-thumbnail","6":"product_cat-grosse-lader","7":"product_tag-5-de","8":"product_tag-6-de","9":"product_tag-7-de","10":"product_tag-8-de","11":"product_tag-9-de","12":"pa_druhy-prace-3295","13":"pa_druhy-prace-3298","14":"pa_podminky-prace-gd","15":"pa_trida-5880","16":"pa_trida-5884","17":"pa_trida-5886","18":"pa_trida-5888","19":"pa_trida-5890","21":"first","22":"instock","23":"purchasable","24":"product-type-variable"},"acf":[],"_links":{"self":[{"href":"https:\/\/triga26.semtix.eu\/de\/wp-json\/wp\/v2\/product\/9308","targetHints":{"allow":["GET"]}}],"collection":[{"href":"https:\/\/triga26.semtix.eu\/de\/wp-json\/wp\/v2\/product"}],"about":[{"href":"https:\/\/triga26.semtix.eu\/de\/wp-json\/wp\/v2\/types\/product"}],"replies":[{"embeddable":true,"href":"https:\/\/triga26.semtix.eu\/de\/wp-json\/wp\/v2\/comments?post=9308"}],"wp:featuredmedia":[{"embeddable":true,"href":"https:\/\/triga26.semtix.eu\/de\/wp-json\/wp\/v2\/media\/6335"}],"wp:attachment":[{"href":"https:\/\/triga26.semtix.eu\/de\/wp-json\/wp\/v2\/media?parent=9308"}],"wp:term":[{"taxonomy":"product_brand","embeddable":true,"href":"https:\/\/triga26.semtix.eu\/de\/wp-json\/wp\/v2\/product_brand?post=9308"},{"taxonomy":"product_cat","embeddable":true,"href":"https:\/\/triga26.semtix.eu\/de\/wp-json\/wp\/v2\/product_cat?post=9308"},{"taxonomy":"product_tag","embeddable":true,"href":"https:\/\/triga26.semtix.eu\/de\/wp-json\/wp\/v2\/product_tag?post=9308"}],"curies":[{"name":"wp","href":"https:\/\/api.w.org\/{rel}","templated":true}]}}