{"id":9419,"date":"2026-05-14T08:52:11","date_gmt":"2026-05-14T06:52:11","guid":{"rendered":"https:\/\/triga.semtix.eu\/produkt\/tiefloeffel-hd-2\/"},"modified":"2025-10-17T10:21:44","modified_gmt":"2025-10-17T08:21:44","slug":"tiefloeffel-hd-2","status":"publish","type":"product","link":"https:\/\/triga26.semtix.eu\/de\/produkt\/tiefloeffel-hd-2\/","title":{"rendered":"Drainageschaufel HD"},"content":{"rendered":"","protected":false},"excerpt":{"rendered":"<div id=\"model-response-message-contentr_2c6bf94b848e0b76\" class=\"markdown markdown-main-panel stronger enable-updated-hr-color\" dir=\"ltr\">\n<p>Die Drainageschaufel D f\u00fcr schwere Bedingungen findet beim Ausheben schmaler Entw\u00e4sserungsgr\u00e4ben sowie beim Verlegen von Kabeln, Rohren usw. Verwendung.<\/p>\n<\/div>\n","protected":false},"featured_media":0,"comment_status":"closed","ping_status":"closed","template":"","meta":{"_acf_changed":false},"product_brand":[],"product_cat":[2560],"product_tag":[2561,2605,2606,1622,2611,5952,5953],"class_list":{"0":"post-9419","1":"product","2":"type-product","3":"status-publish","5":"product_cat-grose-bagger","6":"product_tag-10-de","7":"product_tag-11-de","8":"product_tag-12-de","9":"product_tag-1622","10":"product_tag-13-de","11":"product_tag-5952","12":"product_tag-5953","13":"pa_druhy-prace-3297","14":"pa_druhy-prace-3295","15":"pa_komercni-kod-d-hd-10-1000","16":"pa_komercni-kod-d-hd-10-1200","17":"pa_komercni-kod-d-hd-10-1400","18":"pa_komercni-kod-d-hd-10-1500","19":"pa_komercni-kod-d-hd-10-600","20":"pa_komercni-kod-d-hd-10-800","21":"pa_komercni-kod-d-hd-11-1000","22":"pa_komercni-kod-d-hd-11-1200","23":"pa_komercni-kod-d-hd-11-1500","24":"pa_komercni-kod-d-hd-11-1600","25":"pa_komercni-kod-d-hd-11-850","26":"pa_komercni-kod-d-hd-12-1300","27":"pa_komercni-kod-d-hd-12-1550","28":"pa_komercni-kod-d-hd-12-1650","29":"pa_komercni-kod-d-hd-12-1750","30":"pa_komercni-kod-d-hd-12-1850","31":"pa_komercni-kod-1-d-hd-10","32":"pa_komercni-kod-1-d-hd-11","33":"pa_komercni-kod-1-d-hd-12","34":"pa_objem-m3-0-47","35":"pa_objem-m3-0-69","36":"pa_objem-m3-0-91","37":"pa_objem-m3-0-93","38":"pa_objem-m3-1-14","39":"pa_objem-m3-1-15","40":"pa_objem-m3-1-37","41":"pa_objem-m3-1-44","42":"pa_objem-m3-1-49","43":"pa_objem-m3-1-88","44":"pa_objem-m3-1-9","45":"pa_objem-m3-2-05","46":"pa_objem-m3-2-33","47":"pa_objem-m3-2-51","48":"pa_objem-m3-2-69","49":"pa_objem-m3-2-88","50":"pa_podminky-prace-hd","51":"pa_sirka-mm-5773","52":"pa_sirka-mm-5780","53":"pa_sirka-mm-5784","54":"pa_sirka-mm-5786","55":"pa_sirka-mm-5788","56":"pa_sirka-mm-5813","57":"pa_sirka-mm-5793","58":"pa_sirka-mm-5815","59":"pa_sirka-mm-5817","60":"pa_sirka-mm-5819","61":"pa_sirka-mm-5777","62":"pa_sirka-mm-5771","63":"pa_sirka-mm-5811","64":"pa_trida-5892","65":"pa_trida-5896","66":"pa_trida-5898","67":"pa_vyrobek-d","69":"first","70":"instock","71":"product-type-variable"},"acf":[],"_links":{"self":[{"href":"https:\/\/triga26.semtix.eu\/de\/wp-json\/wp\/v2\/product\/9419","targetHints":{"allow":["GET"]}}],"collection":[{"href":"https:\/\/triga26.semtix.eu\/de\/wp-json\/wp\/v2\/product"}],"about":[{"href":"https:\/\/triga26.semtix.eu\/de\/wp-json\/wp\/v2\/types\/product"}],"replies":[{"embeddable":true,"href":"https:\/\/triga26.semtix.eu\/de\/wp-json\/wp\/v2\/comments?post=9419"}],"wp:attachment":[{"href":"https:\/\/triga26.semtix.eu\/de\/wp-json\/wp\/v2\/media?parent=9419"}],"wp:term":[{"taxonomy":"product_brand","embeddable":true,"href":"https:\/\/triga26.semtix.eu\/de\/wp-json\/wp\/v2\/product_brand?post=9419"},{"taxonomy":"product_cat","embeddable":true,"href":"https:\/\/triga26.semtix.eu\/de\/wp-json\/wp\/v2\/product_cat?post=9419"},{"taxonomy":"product_tag","embeddable":true,"href":"https:\/\/triga26.semtix.eu\/de\/wp-json\/wp\/v2\/product_tag?post=9419"}],"curies":[{"name":"wp","href":"https:\/\/api.w.org\/{rel}","templated":true}]}}