{"id":12726,"date":"2026-02-25T10:53:09","date_gmt":"2026-02-25T09:53:09","guid":{"rendered":"https:\/\/triga.semtix.eu\/produkt\/lopata-na-lehke-materialy\/"},"modified":"2026-02-27T13:39:03","modified_gmt":"2026-02-27T12:39:03","slug":"lopata-na-lehke-materialy","status":"publish","type":"product","link":"https:\/\/triga26.semtix.eu\/en\/product\/lopata-na-lehke-materialy\/","title":{"rendered":"Lopata na lehk\u00e9 materi\u00e1ly"},"content":{"rendered":"","protected":false},"excerpt":{"rendered":"<p>L\u017e\u00edce nad objem 8,1 m3 na vy\u017e\u00e1d\u00e1n\u00ed \u2013 max. 16 m3<\/p>\n","protected":false},"featured_media":12800,"comment_status":"closed","ping_status":"closed","template":"","meta":{"_acf_changed":false},"product_brand":[],"product_cat":[9522],"product_tag":[],"class_list":{"0":"post-12726","1":"product","2":"type-product","3":"status-publish","4":"has-post-thumbnail","6":"product_cat-zemedelske-stroje","7":"pa_komercni-kod-1-lzl-75-s-o","8":"pa_objem-m3-30-38","9":"pa_objem-m3-37-44","10":"pa_objem-m3-45-57","11":"pa_objem-m3-58-65","12":"pa_objem-m3-66-81","13":"pa_sirka-mm-2600-3000","14":"pa_sirka-mm-2700-2900","15":"pa_sirka-mm-2900-3100","16":"pa_sirka-mm-3000-3300","17":"pa_sirka-mm-3200-3400","18":"pa_trida-7-5","20":"first","21":"instock","22":"purchasable","23":"product-type-variable"},"acf":[],"_links":{"self":[{"href":"https:\/\/triga26.semtix.eu\/en\/wp-json\/wp\/v2\/product\/12726","targetHints":{"allow":["GET"]}}],"collection":[{"href":"https:\/\/triga26.semtix.eu\/en\/wp-json\/wp\/v2\/product"}],"about":[{"href":"https:\/\/triga26.semtix.eu\/en\/wp-json\/wp\/v2\/types\/product"}],"replies":[{"embeddable":true,"href":"https:\/\/triga26.semtix.eu\/en\/wp-json\/wp\/v2\/comments?post=12726"}],"wp:featuredmedia":[{"embeddable":true,"href":"https:\/\/triga26.semtix.eu\/en\/wp-json\/wp\/v2\/media\/12800"}],"wp:attachment":[{"href":"https:\/\/triga26.semtix.eu\/en\/wp-json\/wp\/v2\/media?parent=12726"}],"wp:term":[{"taxonomy":"product_brand","embeddable":true,"href":"https:\/\/triga26.semtix.eu\/en\/wp-json\/wp\/v2\/product_brand?post=12726"},{"taxonomy":"product_cat","embeddable":true,"href":"https:\/\/triga26.semtix.eu\/en\/wp-json\/wp\/v2\/product_cat?post=12726"},{"taxonomy":"product_tag","embeddable":true,"href":"https:\/\/triga26.semtix.eu\/en\/wp-json\/wp\/v2\/product_tag?post=12726"}],"curies":[{"name":"wp","href":"https:\/\/api.w.org\/{rel}","templated":true}]}}