{"id":12738,"date":"2026-02-25T10:53:09","date_gmt":"2026-02-25T09:53:09","guid":{"rendered":"https:\/\/triga.semtix.eu\/produkt\/lopata-vysokovyklopna\/"},"modified":"2026-02-27T13:43:36","modified_gmt":"2026-02-27T12:43:36","slug":"lopata-vysokovyklopna","status":"publish","type":"product","link":"https:\/\/triga26.semtix.eu\/en\/product\/lopata-vysokovyklopna\/","title":{"rendered":"Lopata vysokov\u00fdklopn\u00e1"},"content":{"rendered":"","protected":false},"excerpt":{"rendered":"<p>L\u017e\u00edce nad objem 6,1 m3 na vy\u017e\u00e1d\u00e1n\u00ed \u2013 max. 16 m3<\/p>\n","protected":false},"featured_media":12796,"comment_status":"closed","ping_status":"closed","template":"","meta":{"_acf_changed":false},"product_brand":[],"product_cat":[9522],"product_tag":[],"class_list":{"0":"post-12738","1":"product","2":"type-product","3":"status-publish","4":"has-post-thumbnail","6":"product_cat-zemedelske-stroje","7":"pa_komercni-kod-1-lzvv-75-s-o","8":"pa_objem-m3-25-30","9":"pa_objem-m3-31-40","10":"pa_objem-m3-41-45","11":"pa_objem-m3-46-55","12":"pa_objem-m3-56-61","13":"pa_sirka-mm-2200-3000","14":"pa_sirka-mm-2600-3000","15":"pa_sirka-mm-2750-3000","16":"pa_sirka-mm-2900-3200","17":"pa_trida-7-5","19":"first","20":"instock","21":"purchasable","22":"product-type-variable"},"acf":[],"_links":{"self":[{"href":"https:\/\/triga26.semtix.eu\/en\/wp-json\/wp\/v2\/product\/12738","targetHints":{"allow":["GET"]}}],"collection":[{"href":"https:\/\/triga26.semtix.eu\/en\/wp-json\/wp\/v2\/product"}],"about":[{"href":"https:\/\/triga26.semtix.eu\/en\/wp-json\/wp\/v2\/types\/product"}],"replies":[{"embeddable":true,"href":"https:\/\/triga26.semtix.eu\/en\/wp-json\/wp\/v2\/comments?post=12738"}],"wp:featuredmedia":[{"embeddable":true,"href":"https:\/\/triga26.semtix.eu\/en\/wp-json\/wp\/v2\/media\/12796"}],"wp:attachment":[{"href":"https:\/\/triga26.semtix.eu\/en\/wp-json\/wp\/v2\/media?parent=12738"}],"wp:term":[{"taxonomy":"product_brand","embeddable":true,"href":"https:\/\/triga26.semtix.eu\/en\/wp-json\/wp\/v2\/product_brand?post=12738"},{"taxonomy":"product_cat","embeddable":true,"href":"https:\/\/triga26.semtix.eu\/en\/wp-json\/wp\/v2\/product_cat?post=12738"},{"taxonomy":"product_tag","embeddable":true,"href":"https:\/\/triga26.semtix.eu\/en\/wp-json\/wp\/v2\/product_tag?post=12738"}],"curies":[{"name":"wp","href":"https:\/\/api.w.org\/{rel}","templated":true}]}}