{"id":12758,"date":"2026-02-25T10:53:26","date_gmt":"2026-02-25T09:53:26","guid":{"rendered":"https:\/\/triga.semtix.eu\/produkt\/lopata-tridici\/"},"modified":"2026-02-27T13:41:23","modified_gmt":"2026-02-27T12:41:23","slug":"lopata-tridici","status":"publish","type":"product","link":"https:\/\/triga26.semtix.eu\/en\/product\/lopata-tridici\/","title":{"rendered":"Lopata t\u0159\u00edd\u00edc\u00ed"},"content":{"rendered":"","protected":false},"excerpt":{"rendered":"<p>L\u017e\u00edce s rozd\u00edln\u00fdm objemem \/ \u0161\u00ed\u0159kou na vy\u017e\u00e1d\u00e1n\u00ed<\/p>\n","protected":false},"featured_media":12797,"comment_status":"closed","ping_status":"closed","template":"","meta":{"_acf_changed":false},"product_brand":[],"product_cat":[9522],"product_tag":[],"class_list":{"0":"post-12758","1":"product","2":"type-product","3":"status-publish","4":"has-post-thumbnail","6":"product_cat-zemedelske-stroje","7":"pa_komercni-kod-1-lzt-75-2800-31","8":"pa_komercni-kod-1-lzt-75-2900-32","9":"pa_komercni-kod-1-lzt-75-3000-33","10":"pa_komercni-kod-1-lzt-75-3100-34","11":"pa_komercni-kod-1-lzt-75-3200-35","12":"pa_komercni-kod-1-lzt-75-3300-36","13":"pa_objem-m3-3-1","14":"pa_objem-m3-3-2","15":"pa_objem-m3-3-3","16":"pa_objem-m3-3-4","17":"pa_objem-m3-3-5","18":"pa_objem-m3-3-6","19":"pa_sirka-mm-2639","20":"pa_sirka-mm-2640","21":"pa_sirka-mm-2641","22":"pa_sirka-mm-2642","23":"pa_sirka-mm-2643","24":"pa_sirka-mm-2644","25":"pa_trida-7-5","27":"first","28":"instock","29":"purchasable","30":"product-type-variable"},"acf":[],"_links":{"self":[{"href":"https:\/\/triga26.semtix.eu\/en\/wp-json\/wp\/v2\/product\/12758","targetHints":{"allow":["GET"]}}],"collection":[{"href":"https:\/\/triga26.semtix.eu\/en\/wp-json\/wp\/v2\/product"}],"about":[{"href":"https:\/\/triga26.semtix.eu\/en\/wp-json\/wp\/v2\/types\/product"}],"replies":[{"embeddable":true,"href":"https:\/\/triga26.semtix.eu\/en\/wp-json\/wp\/v2\/comments?post=12758"}],"wp:featuredmedia":[{"embeddable":true,"href":"https:\/\/triga26.semtix.eu\/en\/wp-json\/wp\/v2\/media\/12797"}],"wp:attachment":[{"href":"https:\/\/triga26.semtix.eu\/en\/wp-json\/wp\/v2\/media?parent=12758"}],"wp:term":[{"taxonomy":"product_brand","embeddable":true,"href":"https:\/\/triga26.semtix.eu\/en\/wp-json\/wp\/v2\/product_brand?post=12758"},{"taxonomy":"product_cat","embeddable":true,"href":"https:\/\/triga26.semtix.eu\/en\/wp-json\/wp\/v2\/product_cat?post=12758"},{"taxonomy":"product_tag","embeddable":true,"href":"https:\/\/triga26.semtix.eu\/en\/wp-json\/wp\/v2\/product_tag?post=12758"}],"curies":[{"name":"wp","href":"https:\/\/api.w.org\/{rel}","templated":true}]}}