{"id":12771,"date":"2026-02-25T10:53:26","date_gmt":"2026-02-25T09:53:26","guid":{"rendered":"https:\/\/triga.semtix.eu\/produkt\/hydraulicka-radlice-na-silaz\/"},"modified":"2026-02-27T13:39:27","modified_gmt":"2026-02-27T12:39:27","slug":"hydraulicka-radlice-na-silaz","status":"publish","type":"product","link":"https:\/\/triga26.semtix.eu\/en\/product\/hydraulicka-radlice-na-silaz\/","title":{"rendered":"Hydraulick\u00e1 radlice na sil\u00e1\u017e"},"content":{"rendered":"","protected":false},"excerpt":{"rendered":"","protected":false},"featured_media":12793,"comment_status":"closed","ping_status":"closed","template":"","meta":{"_acf_changed":false},"product_brand":[],"product_cat":[9522],"product_tag":[],"class_list":{"0":"post-12771","1":"product","2":"type-product","3":"status-publish","4":"has-post-thumbnail","6":"product_cat-zemedelske-stroje","7":"pa_komercni-kod-1-rzs-75-4000","8":"pa_komercni-kod-1-rzs-75-4200","9":"pa_komercni-kod-1-rzs-75-4500","10":"pa_komercni-kod-1-rzs-75-5000","11":"pa_komercni-kod-1-rzs-75-5500","12":"pa_prepravni-sirka-9596","13":"pa_prepravni-sirka-do-2800","14":"pa_sirka-mm-2649","15":"pa_sirka-mm-9591","16":"pa_sirka-mm-9593","17":"pa_sirka-mm-9595","18":"pa_sirka-mm-9598","19":"pa_trida-7-5","20":"pa_vyska-mm-9551","21":"pa_vyska-mm-9588","23":"first","24":"instock","25":"purchasable","26":"product-type-variable"},"acf":[],"_links":{"self":[{"href":"https:\/\/triga26.semtix.eu\/en\/wp-json\/wp\/v2\/product\/12771","targetHints":{"allow":["GET"]}}],"collection":[{"href":"https:\/\/triga26.semtix.eu\/en\/wp-json\/wp\/v2\/product"}],"about":[{"href":"https:\/\/triga26.semtix.eu\/en\/wp-json\/wp\/v2\/types\/product"}],"replies":[{"embeddable":true,"href":"https:\/\/triga26.semtix.eu\/en\/wp-json\/wp\/v2\/comments?post=12771"}],"wp:featuredmedia":[{"embeddable":true,"href":"https:\/\/triga26.semtix.eu\/en\/wp-json\/wp\/v2\/media\/12793"}],"wp:attachment":[{"href":"https:\/\/triga26.semtix.eu\/en\/wp-json\/wp\/v2\/media?parent=12771"}],"wp:term":[{"taxonomy":"product_brand","embeddable":true,"href":"https:\/\/triga26.semtix.eu\/en\/wp-json\/wp\/v2\/product_brand?post=12771"},{"taxonomy":"product_cat","embeddable":true,"href":"https:\/\/triga26.semtix.eu\/en\/wp-json\/wp\/v2\/product_cat?post=12771"},{"taxonomy":"product_tag","embeddable":true,"href":"https:\/\/triga26.semtix.eu\/en\/wp-json\/wp\/v2\/product_tag?post=12771"}],"curies":[{"name":"wp","href":"https:\/\/api.w.org\/{rel}","templated":true}]}}