{"id":12861,"date":"2026-05-14T08:44:36","date_gmt":"2026-05-14T06:44:36","guid":{"rendered":"https:\/\/triga26.semtix.eu\/produkt\/rychloupinac-cepovy-qc\/"},"modified":"2026-05-14T08:44:46","modified_gmt":"2026-05-14T06:44:46","slug":"rychloupinac-cepovy-qc","status":"publish","type":"product","link":"https:\/\/triga26.semtix.eu\/en\/product\/rychloupinac-cepovy-qc\/","title":{"rendered":"Rychloup\u00edna\u010d \u010depov\u00fd QC"},"content":{"rendered":"","protected":false},"excerpt":{"rendered":"","protected":false},"featured_media":0,"comment_status":"closed","ping_status":"open","template":"","meta":{"_acf_changed":false},"product_brand":[],"product_cat":[31],"product_tag":[5957,1606,1607,1608,1609],"class_list":{"0":"post-12861","1":"product","2":"type-product","3":"status-publish","5":"product_cat-rypadla-mala","6":"product_tag-1606","7":"product_tag-1607","8":"product_tag-1608","9":"product_tag-1609","10":"pa_druhy-prace-28","11":"pa_komercni-kod-qc-pin-on-1-25","12":"pa_komercni-kod-qc-pin-on-1-30","13":"pa_komercni-kod-qc-pin-on-2-30","14":"pa_komercni-kod-qc-pin-on-2-35","15":"pa_komercni-kod-1-qc-pin-on-1","16":"pa_komercni-kod-1-qc-pin-on-2","17":"pa_provedeni-rychloupinace-mechanicke","18":"pa_trida-66","19":"pa_trida-151","20":"pa_vyrobek-qc-pin-on","22":"first","23":"instock","24":"purchasable","25":"product-type-variable"},"acf":[],"_links":{"self":[{"href":"https:\/\/triga26.semtix.eu\/en\/wp-json\/wp\/v2\/product\/12861","targetHints":{"allow":["GET"]}}],"collection":[{"href":"https:\/\/triga26.semtix.eu\/en\/wp-json\/wp\/v2\/product"}],"about":[{"href":"https:\/\/triga26.semtix.eu\/en\/wp-json\/wp\/v2\/types\/product"}],"replies":[{"embeddable":true,"href":"https:\/\/triga26.semtix.eu\/en\/wp-json\/wp\/v2\/comments?post=12861"}],"wp:attachment":[{"href":"https:\/\/triga26.semtix.eu\/en\/wp-json\/wp\/v2\/media?parent=12861"}],"wp:term":[{"taxonomy":"product_brand","embeddable":true,"href":"https:\/\/triga26.semtix.eu\/en\/wp-json\/wp\/v2\/product_brand?post=12861"},{"taxonomy":"product_cat","embeddable":true,"href":"https:\/\/triga26.semtix.eu\/en\/wp-json\/wp\/v2\/product_cat?post=12861"},{"taxonomy":"product_tag","embeddable":true,"href":"https:\/\/triga26.semtix.eu\/en\/wp-json\/wp\/v2\/product_tag?post=12861"}],"curies":[{"name":"wp","href":"https:\/\/api.w.org\/{rel}","templated":true}]}}