{"id":12875,"date":"2026-05-14T08:44:48","date_gmt":"2026-05-14T06:44:48","guid":{"rendered":"https:\/\/triga26.semtix.eu\/produkt\/naklapeci-hlava-cepova-nh\/"},"modified":"2026-05-14T08:44:56","modified_gmt":"2026-05-14T06:44:56","slug":"naklapeci-hlava-cepova-nh","status":"publish","type":"product","link":"https:\/\/triga26.semtix.eu\/en\/product\/naklapeci-hlava-cepova-nh\/","title":{"rendered":"Nakl\u00e1p\u011bc\u00ed hlava \u010depov\u00e1 NH"},"content":{"rendered":"","protected":false},"excerpt":{"rendered":"","protected":false},"featured_media":0,"comment_status":"closed","ping_status":"open","template":"","meta":{"_acf_changed":false},"product_brand":[],"product_cat":[31],"product_tag":[5957,1606,1607,1608,1609],"class_list":{"0":"post-12875","1":"product","2":"type-product","3":"status-publish","5":"product_cat-rypadla-mala","6":"product_tag-1606","7":"product_tag-1607","8":"product_tag-1608","9":"product_tag-1609","10":"pa_druhy-prace-28","11":"pa_komercni-kod-nh-pin-on-1-25-2x50-70-90","12":"pa_komercni-kod-nh-pin-on-1-30-2x50-70-90","13":"pa_komercni-kod-nh-pin-on-2-30-2x50-70-90","14":"pa_komercni-kod-nh-pin-on-2-35-2x50-70-90","15":"pa_komercni-kod-1-nh-pin-on-1","16":"pa_komercni-kod-1-nh-pin-on-2","17":"pa_naklopeni-2x50-70-90","18":"pa_provedeni-rychloupinace-mechanicke","19":"pa_trida-66","20":"pa_trida-151","21":"pa_vyrobek-nh-pin-on","23":"first","24":"instock","25":"purchasable","26":"product-type-variable"},"acf":[],"_links":{"self":[{"href":"https:\/\/triga26.semtix.eu\/en\/wp-json\/wp\/v2\/product\/12875","targetHints":{"allow":["GET"]}}],"collection":[{"href":"https:\/\/triga26.semtix.eu\/en\/wp-json\/wp\/v2\/product"}],"about":[{"href":"https:\/\/triga26.semtix.eu\/en\/wp-json\/wp\/v2\/types\/product"}],"replies":[{"embeddable":true,"href":"https:\/\/triga26.semtix.eu\/en\/wp-json\/wp\/v2\/comments?post=12875"}],"wp:attachment":[{"href":"https:\/\/triga26.semtix.eu\/en\/wp-json\/wp\/v2\/media?parent=12875"}],"wp:term":[{"taxonomy":"product_brand","embeddable":true,"href":"https:\/\/triga26.semtix.eu\/en\/wp-json\/wp\/v2\/product_brand?post=12875"},{"taxonomy":"product_cat","embeddable":true,"href":"https:\/\/triga26.semtix.eu\/en\/wp-json\/wp\/v2\/product_cat?post=12875"},{"taxonomy":"product_tag","embeddable":true,"href":"https:\/\/triga26.semtix.eu\/en\/wp-json\/wp\/v2\/product_tag?post=12875"}],"curies":[{"name":"wp","href":"https:\/\/api.w.org\/{rel}","templated":true}]}}