{"id":12880,"date":"2026-05-14T08:44:58","date_gmt":"2026-05-14T06:44:58","guid":{"rendered":"https:\/\/triga26.semtix.eu\/produkt\/naklapeci-hlava-typu-verachtert-nh-hnh-3\/"},"modified":"2026-05-14T08:45:03","modified_gmt":"2026-05-14T06:45:03","slug":"naklapeci-hlava-typu-verachtert-nh-hnh-3","status":"publish","type":"product","link":"https:\/\/triga26.semtix.eu\/en\/product\/naklapeci-hlava-typu-verachtert-nh-hnh-3\/","title":{"rendered":"Nakl\u00e1p\u011bc\u00ed hlava typu Verachtert NH\/HNH"},"content":{"rendered":"","protected":false},"excerpt":{"rendered":"","protected":false},"featured_media":0,"comment_status":"closed","ping_status":"open","template":"","meta":{"_acf_changed":false},"product_brand":[],"product_cat":[31],"product_tag":[5957,1606,1607,1608,1609],"class_list":{"0":"post-12880","1":"product","2":"type-product","3":"status-publish","5":"product_cat-rypadla-mala","6":"product_tag-1606","7":"product_tag-1607","8":"product_tag-1608","9":"product_tag-1609","10":"pa_druhy-prace-28","11":"pa_komercni-kod-nh1-cw05-2x50-70-90","12":"pa_komercni-kod-1-nh1-cw05","13":"pa_komercni-kod-3-hnh1-hcw05-2x50-70-90","14":"pa_naklopeni-2x50-70-90","15":"pa_provedeni-rychloupinace-mechanicke-hydraulicke","16":"pa_trida-66","17":"pa_vyrobek-nh-cw-hcw","19":"first","20":"instock","21":"purchasable","22":"product-type-simple"},"acf":[],"_links":{"self":[{"href":"https:\/\/triga26.semtix.eu\/en\/wp-json\/wp\/v2\/product\/12880","targetHints":{"allow":["GET"]}}],"collection":[{"href":"https:\/\/triga26.semtix.eu\/en\/wp-json\/wp\/v2\/product"}],"about":[{"href":"https:\/\/triga26.semtix.eu\/en\/wp-json\/wp\/v2\/types\/product"}],"replies":[{"embeddable":true,"href":"https:\/\/triga26.semtix.eu\/en\/wp-json\/wp\/v2\/comments?post=12880"}],"wp:attachment":[{"href":"https:\/\/triga26.semtix.eu\/en\/wp-json\/wp\/v2\/media?parent=12880"}],"wp:term":[{"taxonomy":"product_brand","embeddable":true,"href":"https:\/\/triga26.semtix.eu\/en\/wp-json\/wp\/v2\/product_brand?post=12880"},{"taxonomy":"product_cat","embeddable":true,"href":"https:\/\/triga26.semtix.eu\/en\/wp-json\/wp\/v2\/product_cat?post=12880"},{"taxonomy":"product_tag","embeddable":true,"href":"https:\/\/triga26.semtix.eu\/en\/wp-json\/wp\/v2\/product_tag?post=12880"}],"curies":[{"name":"wp","href":"https:\/\/api.w.org\/{rel}","templated":true}]}}