{"id":12882,"date":"2026-05-14T08:44:58","date_gmt":"2026-05-14T06:44:58","guid":{"rendered":"https:\/\/triga26.semtix.eu\/produkt\/naklapeci-hlava-typu-s-standard-nh-hnh\/"},"modified":"2026-05-14T08:45:08","modified_gmt":"2026-05-14T06:45:08","slug":"naklapeci-hlava-typu-s-standard-nh-hnh","status":"publish","type":"product","link":"https:\/\/triga26.semtix.eu\/en\/product\/naklapeci-hlava-typu-s-standard-nh-hnh\/","title":{"rendered":"Nakl\u00e1p\u011bc\u00ed hlava typu S-standard NH\/HNH"},"content":{"rendered":"","protected":false},"excerpt":{"rendered":"","protected":false},"featured_media":0,"comment_status":"closed","ping_status":"open","template":"","meta":{"_acf_changed":false},"product_brand":[],"product_cat":[31],"product_tag":[5957,1606,1607,1608,1609],"class_list":{"0":"post-12882","1":"product","2":"type-product","3":"status-publish","5":"product_cat-rypadla-mala","6":"product_tag-1606","7":"product_tag-1607","8":"product_tag-1608","9":"product_tag-1609","10":"pa_druhy-prace-28","11":"pa_komercni-kod-nh-s30-150-2x90","12":"pa_komercni-kod-nh-s30-180-2x90","13":"pa_komercni-kod-nh-s40-2x90","14":"pa_komercni-kod-1-nh-s30-150","15":"pa_komercni-kod-1-nh-s30-180","16":"pa_komercni-kod-1-nh-s40","17":"pa_komercni-kod-3-hnh-s30-150-2x90","18":"pa_komercni-kod-3-hnh-s30-180-2x90","19":"pa_komercni-kod-3-hnh-s40-2x90","20":"pa_naklopeni-2x90","21":"pa_provedeni-rychloupinace-mechanicke-hydraulicke","22":"pa_trida-66","23":"pa_trida-151","24":"pa_trida-226","25":"pa_trida-349","26":"pa_vyrobek-nh-s","28":"first","29":"instock","30":"purchasable","31":"product-type-variable"},"acf":[],"_links":{"self":[{"href":"https:\/\/triga26.semtix.eu\/en\/wp-json\/wp\/v2\/product\/12882","targetHints":{"allow":["GET"]}}],"collection":[{"href":"https:\/\/triga26.semtix.eu\/en\/wp-json\/wp\/v2\/product"}],"about":[{"href":"https:\/\/triga26.semtix.eu\/en\/wp-json\/wp\/v2\/types\/product"}],"replies":[{"embeddable":true,"href":"https:\/\/triga26.semtix.eu\/en\/wp-json\/wp\/v2\/comments?post=12882"}],"wp:attachment":[{"href":"https:\/\/triga26.semtix.eu\/en\/wp-json\/wp\/v2\/media?parent=12882"}],"wp:term":[{"taxonomy":"product_brand","embeddable":true,"href":"https:\/\/triga26.semtix.eu\/en\/wp-json\/wp\/v2\/product_brand?post=12882"},{"taxonomy":"product_cat","embeddable":true,"href":"https:\/\/triga26.semtix.eu\/en\/wp-json\/wp\/v2\/product_cat?post=12882"},{"taxonomy":"product_tag","embeddable":true,"href":"https:\/\/triga26.semtix.eu\/en\/wp-json\/wp\/v2\/product_tag?post=12882"}],"curies":[{"name":"wp","href":"https:\/\/api.w.org\/{rel}","templated":true}]}}