{"id":12907,"date":"2026-05-14T08:45:22","date_gmt":"2026-05-14T06:45:22","guid":{"rendered":"https:\/\/triga26.semtix.eu\/produkt\/rovnaci-ram-s-valcem-rrv\/"},"modified":"2026-05-14T08:45:38","modified_gmt":"2026-05-14T06:45:38","slug":"rovnaci-ram-s-valcem-rrv","status":"publish","type":"product","link":"https:\/\/triga26.semtix.eu\/en\/product\/rovnaci-ram-s-valcem-rrv\/","title":{"rendered":"Rovnac\u00ed r\u00e1m s v\u00e1lcem RRV"},"content":{"rendered":"","protected":false},"excerpt":{"rendered":"","protected":false},"featured_media":0,"comment_status":"closed","ping_status":"open","template":"","meta":{"_acf_changed":false},"product_brand":[],"product_cat":[31],"product_tag":[1618,1606,1607,1608,1609],"class_list":{"0":"post-12907","1":"product","2":"type-product","3":"status-publish","5":"product_cat-rypadla-mala","6":"product_tag-1606","7":"product_tag-1607","8":"product_tag-1608","9":"product_tag-1609","10":"pa_druhy-prace-28","11":"pa_komercni-kod-rrv1-s30-150-1500","12":"pa_komercni-kod-rrv1-s30-180-1500","13":"pa_komercni-kod-rrv2-s40-1500","14":"pa_komercni-kod-rrv3-s40-1500","15":"pa_komercni-kod-rrv4-s40-1500","16":"pa_komercni-kod-rrv4-s40-2000","17":"pa_komercni-kod-1-rrv1-s30-150","18":"pa_komercni-kod-1-rrv1-s30-180","19":"pa_komercni-kod-1-rrv2-s40","20":"pa_komercni-kod-1-rrv3-s40","21":"pa_komercni-kod-1-rrv4-s40","22":"pa_sirka-mm-311","23":"pa_sirka-mm-708","24":"pa_trida-66","25":"pa_trida-151","26":"pa_trida-226","27":"pa_trida-349","28":"pa_vyrobek-rrv","30":"first","31":"instock","32":"purchasable","33":"product-type-variable"},"acf":[],"_links":{"self":[{"href":"https:\/\/triga26.semtix.eu\/en\/wp-json\/wp\/v2\/product\/12907","targetHints":{"allow":["GET"]}}],"collection":[{"href":"https:\/\/triga26.semtix.eu\/en\/wp-json\/wp\/v2\/product"}],"about":[{"href":"https:\/\/triga26.semtix.eu\/en\/wp-json\/wp\/v2\/types\/product"}],"replies":[{"embeddable":true,"href":"https:\/\/triga26.semtix.eu\/en\/wp-json\/wp\/v2\/comments?post=12907"}],"wp:attachment":[{"href":"https:\/\/triga26.semtix.eu\/en\/wp-json\/wp\/v2\/media?parent=12907"}],"wp:term":[{"taxonomy":"product_brand","embeddable":true,"href":"https:\/\/triga26.semtix.eu\/en\/wp-json\/wp\/v2\/product_brand?post=12907"},{"taxonomy":"product_cat","embeddable":true,"href":"https:\/\/triga26.semtix.eu\/en\/wp-json\/wp\/v2\/product_cat?post=12907"},{"taxonomy":"product_tag","embeddable":true,"href":"https:\/\/triga26.semtix.eu\/en\/wp-json\/wp\/v2\/product_tag?post=12907"}],"curies":[{"name":"wp","href":"https:\/\/api.w.org\/{rel}","templated":true}]}}