{"id":12974,"date":"2026-05-14T08:49:14","date_gmt":"2026-05-14T06:49:14","guid":{"rendered":"https:\/\/triga26.semtix.eu\/produkt\/naklapeci-hlava-typu-lehnhoff-nh-hnh-2\/"},"modified":"2026-05-14T08:49:21","modified_gmt":"2026-05-14T06:49:21","slug":"naklapeci-hlava-typu-lehnhoff-nh-hnh-2","status":"publish","type":"product","link":"https:\/\/triga26.semtix.eu\/en\/product\/naklapeci-hlava-typu-lehnhoff-nh-hnh-2\/","title":{"rendered":"Nakl\u00e1p\u011bc\u00ed hlava typu Lehnhoff NH \/ HNH"},"content":{"rendered":"","protected":false},"excerpt":{"rendered":"","protected":false},"featured_media":0,"comment_status":"closed","ping_status":"open","template":"","meta":{"_acf_changed":false},"product_brand":[],"product_cat":[443],"product_tag":[1610,9730,1611,1612,1617,1613],"class_list":{"0":"post-12974","1":"product","2":"type-product","3":"status-publish","5":"product_cat-rypadla-stredni","6":"product_tag-1610","7":"product_tag-9730","8":"product_tag-1611","9":"product_tag-1612","10":"product_tag-1617","11":"product_tag-1613","12":"pa_druhy-prace-28","13":"pa_komercni-kod-nh5-ms08-2x50-70-90","14":"pa_komercni-kod-1-nh5-ms08","15":"pa_komercni-kod-3-hnh5-hs08-2x50-70-90","16":"pa_naklopeni-2x50-70-90","17":"pa_provedeni-rychloupinace-mechanicke-hydraulicke","18":"pa_trida-438","19":"pa_vyrobek-nh-ms-hs","21":"first","22":"instock","23":"purchasable","24":"product-type-simple"},"acf":[],"_links":{"self":[{"href":"https:\/\/triga26.semtix.eu\/en\/wp-json\/wp\/v2\/product\/12974","targetHints":{"allow":["GET"]}}],"collection":[{"href":"https:\/\/triga26.semtix.eu\/en\/wp-json\/wp\/v2\/product"}],"about":[{"href":"https:\/\/triga26.semtix.eu\/en\/wp-json\/wp\/v2\/types\/product"}],"replies":[{"embeddable":true,"href":"https:\/\/triga26.semtix.eu\/en\/wp-json\/wp\/v2\/comments?post=12974"}],"wp:attachment":[{"href":"https:\/\/triga26.semtix.eu\/en\/wp-json\/wp\/v2\/media?parent=12974"}],"wp:term":[{"taxonomy":"product_brand","embeddable":true,"href":"https:\/\/triga26.semtix.eu\/en\/wp-json\/wp\/v2\/product_brand?post=12974"},{"taxonomy":"product_cat","embeddable":true,"href":"https:\/\/triga26.semtix.eu\/en\/wp-json\/wp\/v2\/product_cat?post=12974"},{"taxonomy":"product_tag","embeddable":true,"href":"https:\/\/triga26.semtix.eu\/en\/wp-json\/wp\/v2\/product_tag?post=12974"}],"curies":[{"name":"wp","href":"https:\/\/api.w.org\/{rel}","templated":true}]}}