{"id":12992,"date":"2026-05-14T08:49:48","date_gmt":"2026-05-14T06:49:48","guid":{"rendered":"https:\/\/triga26.semtix.eu\/produkt\/naklapeci-rotacni-hlava-typu-s-standard-nrh-hnrh-2\/"},"modified":"2026-05-14T08:49:58","modified_gmt":"2026-05-14T06:49:58","slug":"naklapeci-rotacni-hlava-typu-s-standard-nrh-hnrh-2","status":"publish","type":"product","link":"https:\/\/triga26.semtix.eu\/en\/product\/naklapeci-rotacni-hlava-typu-s-standard-nrh-hnrh-2\/","title":{"rendered":"Nakl\u00e1p\u011bc\u00ed rota\u010dn\u00ed hlava typu S-standard NRH\/HNRH"},"content":{"rendered":"","protected":false},"excerpt":{"rendered":"","protected":false},"featured_media":0,"comment_status":"closed","ping_status":"open","template":"","meta":{"_acf_changed":false},"product_brand":[],"product_cat":[443],"product_tag":[1610,9730,1611,1612,1617,1613],"class_list":{"0":"post-12992","1":"product","2":"type-product","3":"status-publish","5":"product_cat-rypadla-stredni","6":"product_tag-1610","7":"product_tag-9730","8":"product_tag-1611","9":"product_tag-1612","10":"product_tag-1617","11":"product_tag-1613","12":"pa_druhy-prace-28","13":"pa_komercni-kod-nrh5-s45-2x55-360","14":"pa_komercni-kod-nrh5-s50-2x55-360","15":"pa_komercni-kod-nrh6-s60-2x55-360","16":"pa_komercni-kod-nrh7-s60-2x55-360","17":"pa_komercni-kod-nrh8-s60-2x55-360","18":"pa_komercni-kod-nrh8-s70-2x55-360","19":"pa_komercni-kod-nrh9-s70-2x55-360","20":"pa_komercni-kod-1-nrh5-s45","21":"pa_komercni-kod-1-nrh5-s50","22":"pa_komercni-kod-1-nrh6-s60","23":"pa_komercni-kod-1-nrh7-s60","24":"pa_komercni-kod-1-nrh8-s60","25":"pa_komercni-kod-1-nrh8-s70","26":"pa_komercni-kod-1-nrh9-s70","27":"pa_komercni-kod-3-hnrh5-s45-2x55-360","28":"pa_komercni-kod-3-hnrh5-s50-2x55-360","29":"pa_komercni-kod-3-hnrh6-s60-2x55-360","30":"pa_komercni-kod-3-hnrh7-s60-2x55-360","31":"pa_komercni-kod-3-hnrh8-s60-2x55-360","32":"pa_komercni-kod-3-hnrh8-s70-2x55-360","33":"pa_komercni-kod-3-hnrh9-s70-2x55-360","34":"pa_naklopeni-2x55","35":"pa_provedeni-rychloupinace-mechanicke-hydraulicke","36":"pa_rotace-173","37":"pa_trida-438","38":"pa_trida-600","39":"pa_trida-726","40":"pa_trida-846","41":"pa_trida-978","42":"pa_vyrobek-nrh-s","44":"first","45":"instock","46":"purchasable","47":"product-type-variable"},"acf":[],"_links":{"self":[{"href":"https:\/\/triga26.semtix.eu\/en\/wp-json\/wp\/v2\/product\/12992","targetHints":{"allow":["GET"]}}],"collection":[{"href":"https:\/\/triga26.semtix.eu\/en\/wp-json\/wp\/v2\/product"}],"about":[{"href":"https:\/\/triga26.semtix.eu\/en\/wp-json\/wp\/v2\/types\/product"}],"replies":[{"embeddable":true,"href":"https:\/\/triga26.semtix.eu\/en\/wp-json\/wp\/v2\/comments?post=12992"}],"wp:attachment":[{"href":"https:\/\/triga26.semtix.eu\/en\/wp-json\/wp\/v2\/media?parent=12992"}],"wp:term":[{"taxonomy":"product_brand","embeddable":true,"href":"https:\/\/triga26.semtix.eu\/en\/wp-json\/wp\/v2\/product_brand?post=12992"},{"taxonomy":"product_cat","embeddable":true,"href":"https:\/\/triga26.semtix.eu\/en\/wp-json\/wp\/v2\/product_cat?post=12992"},{"taxonomy":"product_tag","embeddable":true,"href":"https:\/\/triga26.semtix.eu\/en\/wp-json\/wp\/v2\/product_tag?post=12992"}],"curies":[{"name":"wp","href":"https:\/\/api.w.org\/{rel}","templated":true}]}}