{"id":13026,"date":"2026-05-14T08:50:17","date_gmt":"2026-05-14T06:50:17","guid":{"rendered":"https:\/\/triga26.semtix.eu\/produkt\/rovnaci-ram-s-valcem-rrv-2\/"},"modified":"2026-05-14T08:50:30","modified_gmt":"2026-05-14T06:50:30","slug":"rovnaci-ram-s-valcem-rrv-2","status":"publish","type":"product","link":"https:\/\/triga26.semtix.eu\/en\/product\/rovnaci-ram-s-valcem-rrv-2\/","title":{"rendered":"Rovnac\u00ed r\u00e1m s v\u00e1lcem RRV"},"content":{"rendered":"","protected":false},"excerpt":{"rendered":"","protected":false},"featured_media":0,"comment_status":"closed","ping_status":"open","template":"","meta":{"_acf_changed":false},"product_brand":[],"product_cat":[443],"product_tag":[1610,9730,1611,1612,1617,1613],"class_list":{"0":"post-13026","1":"product","2":"type-product","3":"status-publish","5":"product_cat-rypadla-stredni","6":"product_tag-1610","7":"product_tag-9730","8":"product_tag-1611","9":"product_tag-1612","10":"product_tag-1617","11":"product_tag-1613","12":"pa_druhy-prace-28","13":"pa_komercni-kod-rrv5-2000","14":"pa_komercni-kod-rrv5-2500","15":"pa_komercni-kod-rrv6-2000","16":"pa_komercni-kod-rrv6-2500","17":"pa_komercni-kod-rrv7-2000","18":"pa_komercni-kod-rrv7-2500","19":"pa_komercni-kod-rrv8-2000","20":"pa_komercni-kod-rrv8-2500","21":"pa_komercni-kod-rrv9-2000","22":"pa_komercni-kod-rrv9-2500","23":"pa_komercni-kod-1-rrv5","24":"pa_komercni-kod-1-rrv6","25":"pa_komercni-kod-1-rrv7","26":"pa_komercni-kod-1-rrv8","27":"pa_komercni-kod-1-rrv9","28":"pa_sirka-mm-708","29":"pa_sirka-mm-2742","30":"pa_trida-438","31":"pa_trida-600","32":"pa_trida-726","33":"pa_trida-846","34":"pa_trida-978","35":"pa_vyrobek-rrv","37":"first","38":"instock","39":"purchasable","40":"product-type-variable"},"acf":[],"_links":{"self":[{"href":"https:\/\/triga26.semtix.eu\/en\/wp-json\/wp\/v2\/product\/13026","targetHints":{"allow":["GET"]}}],"collection":[{"href":"https:\/\/triga26.semtix.eu\/en\/wp-json\/wp\/v2\/product"}],"about":[{"href":"https:\/\/triga26.semtix.eu\/en\/wp-json\/wp\/v2\/types\/product"}],"replies":[{"embeddable":true,"href":"https:\/\/triga26.semtix.eu\/en\/wp-json\/wp\/v2\/comments?post=13026"}],"wp:attachment":[{"href":"https:\/\/triga26.semtix.eu\/en\/wp-json\/wp\/v2\/media?parent=13026"}],"wp:term":[{"taxonomy":"product_brand","embeddable":true,"href":"https:\/\/triga26.semtix.eu\/en\/wp-json\/wp\/v2\/product_brand?post=13026"},{"taxonomy":"product_cat","embeddable":true,"href":"https:\/\/triga26.semtix.eu\/en\/wp-json\/wp\/v2\/product_cat?post=13026"},{"taxonomy":"product_tag","embeddable":true,"href":"https:\/\/triga26.semtix.eu\/en\/wp-json\/wp\/v2\/product_tag?post=13026"}],"curies":[{"name":"wp","href":"https:\/\/api.w.org\/{rel}","templated":true}]}}