{"id":13323,"date":"2026-05-14T08:52:39","date_gmt":"2026-05-14T06:52:39","guid":{"rendered":"https:\/\/triga26.semtix.eu\/produkt\/naklapeci-svahovaci-lopata-gd-5\/"},"modified":"2026-05-14T08:52:48","modified_gmt":"2026-05-14T06:52:48","slug":"naklapeci-svahovaci-lopata-gd-5","status":"publish","type":"product","link":"https:\/\/triga26.semtix.eu\/en\/product\/naklapeci-svahovaci-lopata-gd-5\/","title":{"rendered":"Nakl\u00e1p\u011bc\u00ed svahovac\u00ed lopata GD"},"content":{"rendered":"","protected":false},"excerpt":{"rendered":"","protected":false},"featured_media":0,"comment_status":"closed","ping_status":"open","template":"","meta":{"_acf_changed":false},"product_brand":[],"product_cat":[1132],"product_tag":[1614,1620,1615,1616,1621,1622,1623,1624,1625],"class_list":{"0":"post-13323","1":"product","2":"type-product","3":"status-publish","5":"product_cat-rypadla-velka","6":"product_tag-1614","7":"product_tag-1620","8":"product_tag-1615","9":"product_tag-1616","10":"product_tag-1621","11":"product_tag-1622","12":"product_tag-1623","13":"product_tag-1624","14":"product_tag-1625","15":"pa_druhy-prace-28","16":"pa_komercni-kod-w-gd-10-2000","17":"pa_komercni-kod-w-gd-10-2200","18":"pa_komercni-kod-w-gd-10-2400","19":"pa_komercni-kod-1-w-gd-10","20":"pa_naklopeni-2x45","21":"pa_objem-m3-1-26","22":"pa_objem-m3-1-38","23":"pa_objem-m3-1-51","24":"pa_podminky-prace-gd","25":"pa_sirka-mm-708","26":"pa_sirka-mm-1108","27":"pa_sirka-mm-1111","28":"pa_trida-1127","29":"pa_vyrobek-w","31":"first","32":"instock","33":"purchasable","34":"product-type-variable"},"acf":[],"_links":{"self":[{"href":"https:\/\/triga26.semtix.eu\/en\/wp-json\/wp\/v2\/product\/13323","targetHints":{"allow":["GET"]}}],"collection":[{"href":"https:\/\/triga26.semtix.eu\/en\/wp-json\/wp\/v2\/product"}],"about":[{"href":"https:\/\/triga26.semtix.eu\/en\/wp-json\/wp\/v2\/types\/product"}],"replies":[{"embeddable":true,"href":"https:\/\/triga26.semtix.eu\/en\/wp-json\/wp\/v2\/comments?post=13323"}],"wp:attachment":[{"href":"https:\/\/triga26.semtix.eu\/en\/wp-json\/wp\/v2\/media?parent=13323"}],"wp:term":[{"taxonomy":"product_brand","embeddable":true,"href":"https:\/\/triga26.semtix.eu\/en\/wp-json\/wp\/v2\/product_brand?post=13323"},{"taxonomy":"product_cat","embeddable":true,"href":"https:\/\/triga26.semtix.eu\/en\/wp-json\/wp\/v2\/product_cat?post=13323"},{"taxonomy":"product_tag","embeddable":true,"href":"https:\/\/triga26.semtix.eu\/en\/wp-json\/wp\/v2\/product_tag?post=13323"}],"curies":[{"name":"wp","href":"https:\/\/api.w.org\/{rel}","templated":true}]}}