{"id":13327,"date":"2026-05-14T08:52:39","date_gmt":"2026-05-14T06:52:39","guid":{"rendered":"https:\/\/triga26.semtix.eu\/produkt\/naklapeci-svahovaci-lopata-hd-4\/"},"modified":"2026-05-14T08:53:00","modified_gmt":"2026-05-14T06:53:00","slug":"naklapeci-svahovaci-lopata-hd-4","status":"publish","type":"product","link":"https:\/\/triga26.semtix.eu\/en\/product\/naklapeci-svahovaci-lopata-hd-4\/","title":{"rendered":"Nakl\u00e1p\u011bc\u00ed svahovac\u00ed lopata HD"},"content":{"rendered":"","protected":false},"excerpt":{"rendered":"","protected":false},"featured_media":0,"comment_status":"closed","ping_status":"open","template":"","meta":{"_acf_changed":false},"product_brand":[],"product_cat":[1132],"product_tag":[1614,5959,1615,1616,5961,1622,5952,1624,5953],"class_list":{"0":"post-13327","1":"product","2":"type-product","3":"status-publish","5":"product_cat-rypadla-velka","6":"product_tag-1614","7":"product_tag-5959","8":"product_tag-1615","9":"product_tag-1616","10":"product_tag-5961","11":"product_tag-1622","12":"product_tag-5952","13":"product_tag-1624","14":"product_tag-5953","15":"pa_druhy-prace-28","16":"pa_komercni-kod-w-hd-10-2000","17":"pa_komercni-kod-w-hd-10-2200","18":"pa_komercni-kod-w-hd-10-2400","19":"pa_komercni-kod-w-hd-11-2000","20":"pa_komercni-kod-w-hd-11-2200","21":"pa_komercni-kod-w-hd-11-2400","22":"pa_komercni-kod-w-hd-12-2000","23":"pa_komercni-kod-w-hd-12-2200","24":"pa_komercni-kod-w-hd-12-2400","25":"pa_komercni-kod-1-w-hd-12","26":"pa_komercni-kod-1-w-hd-10","27":"pa_komercni-kod-1-w-hd-11","28":"pa_naklopeni-2x45","29":"pa_objem-m3-1-26","30":"pa_objem-m3-1-38","31":"pa_objem-m3-1-49","32":"pa_objem-m3-1-51","33":"pa_objem-m3-1-65","34":"pa_objem-m3-1-78","35":"pa_objem-m3-1-82","36":"pa_objem-m3-1-96","37":"pa_objem-m3-2-05","38":"pa_podminky-prace-hd","39":"pa_sirka-mm-708","40":"pa_sirka-mm-1108","41":"pa_sirka-mm-1111","42":"pa_trida-1127","43":"pa_trida-1301","44":"pa_trida-1390","45":"pa_vyrobek-w","47":"first","48":"instock","49":"purchasable","50":"product-type-variable"},"acf":[],"_links":{"self":[{"href":"https:\/\/triga26.semtix.eu\/en\/wp-json\/wp\/v2\/product\/13327","targetHints":{"allow":["GET"]}}],"collection":[{"href":"https:\/\/triga26.semtix.eu\/en\/wp-json\/wp\/v2\/product"}],"about":[{"href":"https:\/\/triga26.semtix.eu\/en\/wp-json\/wp\/v2\/types\/product"}],"replies":[{"embeddable":true,"href":"https:\/\/triga26.semtix.eu\/en\/wp-json\/wp\/v2\/comments?post=13327"}],"wp:attachment":[{"href":"https:\/\/triga26.semtix.eu\/en\/wp-json\/wp\/v2\/media?parent=13327"}],"wp:term":[{"taxonomy":"product_brand","embeddable":true,"href":"https:\/\/triga26.semtix.eu\/en\/wp-json\/wp\/v2\/product_brand?post=13327"},{"taxonomy":"product_cat","embeddable":true,"href":"https:\/\/triga26.semtix.eu\/en\/wp-json\/wp\/v2\/product_cat?post=13327"},{"taxonomy":"product_tag","embeddable":true,"href":"https:\/\/triga26.semtix.eu\/en\/wp-json\/wp\/v2\/product_tag?post=13327"}],"curies":[{"name":"wp","href":"https:\/\/api.w.org\/{rel}","templated":true}]}}