{"id":13405,"date":"2026-05-14T08:55:23","date_gmt":"2026-05-14T06:55:23","guid":{"rendered":"https:\/\/triga26.semtix.eu\/produkt\/zavesny-hak-2\/"},"modified":"2026-05-14T08:55:40","modified_gmt":"2026-05-14T06:55:40","slug":"zavesny-hak-2","status":"publish","type":"product","link":"https:\/\/triga26.semtix.eu\/en\/product\/zavesny-hak-2\/","title":{"rendered":"Z\u00e1v\u011bsn\u00fd h\u00e1k"},"content":{"rendered":"","protected":false},"excerpt":{"rendered":"","protected":false},"featured_media":0,"comment_status":"closed","ping_status":"open","template":"","meta":{"_acf_changed":false},"product_brand":[],"product_cat":[443],"product_tag":[1610,9730,1611,1612,1617,1613],"class_list":{"0":"post-13405","1":"product","2":"type-product","3":"status-publish","5":"product_cat-rypadla-stredni","6":"product_tag-1610","7":"product_tag-9730","8":"product_tag-1611","9":"product_tag-1612","10":"product_tag-1617","11":"product_tag-1613","12":"pa_komercni-kod-c201-os","13":"pa_komercni-kod-1-c201","14":"pa_komercni-kod-3-nosnost-1-0-t-prumer-lana-21-mm","15":"pa_trida-726","16":"pa_vyrobek-zh","18":"first","19":"instock","20":"purchasable","21":"product-type-variable"},"acf":[],"_links":{"self":[{"href":"https:\/\/triga26.semtix.eu\/en\/wp-json\/wp\/v2\/product\/13405","targetHints":{"allow":["GET"]}}],"collection":[{"href":"https:\/\/triga26.semtix.eu\/en\/wp-json\/wp\/v2\/product"}],"about":[{"href":"https:\/\/triga26.semtix.eu\/en\/wp-json\/wp\/v2\/types\/product"}],"replies":[{"embeddable":true,"href":"https:\/\/triga26.semtix.eu\/en\/wp-json\/wp\/v2\/comments?post=13405"}],"wp:attachment":[{"href":"https:\/\/triga26.semtix.eu\/en\/wp-json\/wp\/v2\/media?parent=13405"}],"wp:term":[{"taxonomy":"product_brand","embeddable":true,"href":"https:\/\/triga26.semtix.eu\/en\/wp-json\/wp\/v2\/product_brand?post=13405"},{"taxonomy":"product_cat","embeddable":true,"href":"https:\/\/triga26.semtix.eu\/en\/wp-json\/wp\/v2\/product_cat?post=13405"},{"taxonomy":"product_tag","embeddable":true,"href":"https:\/\/triga26.semtix.eu\/en\/wp-json\/wp\/v2\/product_tag?post=13405"}],"curies":[{"name":"wp","href":"https:\/\/api.w.org\/{rel}","templated":true}]}}